{"id":1396,"date":"2022-12-01T16:58:53","date_gmt":"2022-12-01T15:58:53","guid":{"rendered":"https:\/\/gdlcamper.ch\/impressum\/"},"modified":"2023-04-18T11:46:03","modified_gmt":"2023-04-18T09:46:03","slug":"impressum","status":"publish","type":"page","link":"https:\/\/gdlcamper.ch\/de\/impressum\/","title":{"rendered":"Impressum"},"content":{"rendered":"<div>\n<h3 class=\"title-heading-left\" data-fontsize=\"20\" data-lineheight=\"29\">Impressum<\/h3>\n<p>GDL Camper S\u00e0rl<br \/>Grand-Rue 57<br \/>CP14<br \/>2606 Corg\u00e9mont, CH<\/p>\n<p><strong>Handelsregisternummer<br \/><\/strong>CHE-111.470.735<\/p>\n<\/div>\n<div>\n<h3 class=\"title-heading-left\" data-fontsize=\"20\" data-lineheight=\"29\">Technische Umsetzung<\/h3>\n<p><b>Reservierungssystem und Projektmanagement<\/b><br \/>Itelium S\u00e0rl<br \/>Rue de la Gurzelen 31<br \/>2502 Bienne<br \/><a href=\"https:\/\/www.itelium.ch\/de\" target=\"_blank\" rel=\"noopener noreferrer\">https:\/\/www.itelium.ch<\/a><\/p>\n<p><b>Webseite<\/b><br \/>Toggle S\u00e0rl<br \/>Champ du Ritat 5<br \/>2605 Sonceboz<br \/><a href=\"http:\/\/toggle.ch\/\" target=\"_blank\" rel=\"noopener noreferrer\">https:\/\/toggle.ch<\/a><\/p>\n<\/div>\n<p><!--more--><br \/>\n<!-- {\"type\":\"layout\",\"children\":[{\"type\":\"section\",\"props\":{\"image_position\":\"center-center\",\"padding_remove_bottom\":false,\"style\":\"default\",\"title_breakpoint\":\"xl\",\"title_position\":\"top-left\",\"title_rotation\":\"left\",\"vertical_align\":\"middle\",\"width\":\"large\"},\"children\":[{\"type\":\"row\",\"props\":{\"layout\":\"1-2,1-2\"},\"children\":[{\"type\":\"column\",\"props\":{\"css\":\".el-column > div {\\n    border-radius: 12px;\\n}\\n\",\"image_position\":\"center-center\",\"media_overlay_gradient\":\"\",\"position_sticky_breakpoint\":\"m\",\"preserve_color\":false,\"style\":\"primary\",\"vertical_align\":\"middle\",\"width_medium\":\"1-2\"},\"children\":[{\"type\":\"text\",\"props\":{\"column_breakpoint\":\"m\",\"content\":\"\n\n<h3 class=\\\"title-heading-left\\\" data-fontsize=\\\"20\\\" data-lineheight=\\\"29\\\">Impressum<\\\/h3>\\n\n\n<p>GDL Camper S\\u00e0rl<br \\\/>Grand-Rue 57<br \\\/>CP14<br \\\/>2606 Corg\\u00e9mont, CH<\\\/p>\\n\n\n<p><strong>Handelsregisternummer<br \\\/><\\\/strong>CHE-111.470.735<\\\/p>\",\"margin\":\"default\"}}]},{\"type\":\"column\",\"props\":{\"css\":\".el-column > div {\\n    border-radius: 12px;\\n}\\n\",\"image_position\":\"center-center\",\"media_overlay_gradient\":\"\",\"position_sticky_breakpoint\":\"m\",\"style\":\"muted\",\"vertical_align\":\"middle\",\"width_medium\":\"1-2\"},\"children\":[{\"type\":\"text\",\"props\":{\"column_breakpoint\":\"m\",\"content\":\"\n\n<h3 class=\\\"title-heading-left\\\" data-fontsize=\\\"20\\\" data-lineheight=\\\"29\\\">Technische Umsetzung<\\\/h3>\\n\n\n<p><b>Reservierungssystem und Projektmanagement<\\\/b><br \/>Itelium S\\u00e0rl<br \\\/>Rue de la Gurzelen 31<br \\\/>2502 Bienne<br \\\/><a href=\\\"https:\\\/\\\/www.itelium.ch\\\/de\\\" target=\\\"_blank\\\" rel=\\\"noopener noreferrer\\\">https:\\\/\\\/www.itelium.ch<\\\/a><\\\/p>\\n\n\n<p><b>Webseite<\\\/b><br \/>Toggle S\\u00e0rl<br \\\/>Champ du Ritat 5<br \\\/>2605 Sonceboz<br \\\/><a href=\\\"http:\\\/\\\/toggle.ch\\\/\\\" target=\\\"_blank\\\" rel=\\\"noopener noreferrer\\\">https:\\\/\\\/toggle.ch<\\\/a><\\\/p>\",\"margin\":\"default\"}}]}]}],\"name\":\"Impressum\"}],\"version\":\"3.0.26\"} --><\/p>\n","protected":false},"excerpt":{"rendered":"<p>Impressum GDL Camper S\u00e0rlGrand-Rue 57CP142606 Corg\u00e9mont, CH HandelsregisternummerCHE-111.470.735 Technische Umsetzung Reservierungssystem und ProjektmanagementItelium S\u00e0rlRue de la Gurzelen 312502 Biennehttps:\/\/www.itelium.ch WebseiteToggle S\u00e0rlChamp du Ritat 52605 Soncebozhttps:\/\/toggle.ch<\/p>\n","protected":false},"author":1,"featured_media":0,"parent":0,"menu_order":23,"comment_status":"closed","ping_status":"closed","template":"","meta":{"footnotes":""},"folder":[32],"class_list":["post-1396","page","type-page","status-publish","hentry"],"_links":{"self":[{"href":"https:\/\/gdlcamper.ch\/de\/wp-json\/wp\/v2\/pages\/1396","targetHints":{"allow":["GET"]}}],"collection":[{"href":"https:\/\/gdlcamper.ch\/de\/wp-json\/wp\/v2\/pages"}],"about":[{"href":"https:\/\/gdlcamper.ch\/de\/wp-json\/wp\/v2\/types\/page"}],"author":[{"embeddable":true,"href":"https:\/\/gdlcamper.ch\/de\/wp-json\/wp\/v2\/users\/1"}],"replies":[{"embeddable":true,"href":"https:\/\/gdlcamper.ch\/de\/wp-json\/wp\/v2\/comments?post=1396"}],"version-history":[{"count":0,"href":"https:\/\/gdlcamper.ch\/de\/wp-json\/wp\/v2\/pages\/1396\/revisions"}],"wp:attachment":[{"href":"https:\/\/gdlcamper.ch\/de\/wp-json\/wp\/v2\/media?parent=1396"}],"wp:term":[{"taxonomy":"folder","embeddable":true,"href":"https:\/\/gdlcamper.ch\/de\/wp-json\/wp\/v2\/folder?post=1396"}],"curies":[{"name":"wp","href":"https:\/\/api.w.org\/{rel}","templated":true}]}}