{"id":1450,"date":"2022-12-01T09:41:20","date_gmt":"2022-12-01T08:41:20","guid":{"rendered":"https:\/\/gdlcamper.ch\/atelier\/"},"modified":"2023-05-11T08:19:52","modified_gmt":"2023-05-11T06:19:52","slug":"werkstatt","status":"publish","type":"page","link":"https:\/\/gdlcamper.ch\/de\/unsere-dienstleistungen\/werkstatt\/","title":{"rendered":"Werkstatt"},"content":{"rendered":"<h1>Werkstatt in Corg\u00e9mont<\/h1>\n<div>\n<p>Wir f\u00fchren alle spezifischen Arbeiten im Zusammenhang mit Ihrem Wohnmobil, Wohnwagen, Kastenwagen und Vans durch.<\/p>\n<\/div>\n<h2>Unsere Vorteile<\/h2>\n<ul>\n<li>\n<h3>Alle Marken<\/h3>\n<div>Unsere Mitarbeiter verf\u00fcgen \u00fcber ein breites Markenwissen, dass sie in die Lage versetzt, an Fahrzeugen aller Marken zu arbeiten.<\/div>\n<\/li>\n<li>\n<h3>Herstellergarantie<\/h3>\n<div>Da wir an Ihrem Fahrzeug nach den Vorgaben des Herstellers arbeiten, beh\u00e4lt Ihr Fahrzeug seine Herstellergarantie.<\/div>\n<\/li>\n<li>\n<h3>Transparenz<\/h3>\n<div>Wir pr\u00fcfen mit Ihnen die f\u00fcr Ihr Fahrzeug am besten geeignete L\u00f6sung und geben Ihnen alle notwendigen Erkl\u00e4rungen.<\/div>\n<\/li>\n<\/ul>\n<h2>Unsere Dienstleistungen<\/h2>\n<ul>\n<li>\n<h3>DICHTIGKEITSKONTROLLE<\/h3>\n<div>Die heutigen Wohnmobile sind robust und gut gebaut, aber es w\u00e4re unm\u00f6glich, alle Risiken von Infiltrationen zu vermeiden. Unsere Fahrzeuge werden tats\u00e4chlich auf eine harte Probe gestellt und sind allen Elementen ausgesetzt. Aus diesem Grund haben die Hersteller Dichtheitsgarantien eingef\u00fchrt, die an eine regelm\u00e4\u00dfige Kontrolle durch einen Fachmann gekn\u00fcpft sind.<\/div>\n<\/li>\n<li>\n<h3>ALLGEMEINE WARTUNG<\/h3>\n<div>\n<p>Im Laufe der Kilometer verschlei\u00dfen die Teile Ihres Fahrzeugs. Einige Fl\u00fcssigkeiten verlieren zunehmend an Leistung. Die verschiedenen Filter, mit denen Ihr Fahrzeug ausgestattet ist, verschmutzen. Die Bremsscheiben und -bel\u00e4ge verschlei\u00dfen und verlieren ihre Wirkung.<\/p>\n<p>Mit unserer modernen technischen Ausstattung und unserem ausgepr\u00e4gten Wissen in Mechanik und Elektrotechnik f\u00fchren wir alle Wartungs- und Reparaturarbeiten durch &#8211; f\u00fcr alle Automarken und in k\u00fcrzester Zeit! Wir verwenden nur Ersatzteile in Erstausr\u00fcsterqualit\u00e4t, die von den bekanntesten Marken der Automobilindustrie hergestellt werden.<\/p>\n<\/div>\n<\/li>\n<li>\n<h3>FAHRZEUGDIAGNOSE<\/h3>\n<div>\n<p>Fahrzeuge sind heute mit einer gro\u00dfen Anzahl elektronischer Sensoren und Steuerger\u00e4te ausgestattet, die die Leistung des Fahrzeugs verbessern und die Sicherheit und den Komfort erh\u00f6hen. Bei diesen elektronischen Bauteilen kommt es manchmal zu Ausf\u00e4llen, die sich durch eine Warnleuchte auf dem Armaturenbrett oder durch die Immobilisierung des Fahrzeugs bemerkbar machen k\u00f6nnen.<\/p>\n<p>Mithilfe eines Mehrmarken-Diagnoseger\u00e4ts k\u00f6nnen wir alle in den Steuerger\u00e4ten gespeicherten Fehlercodes lesen, interpretieren, l\u00f6schen sowie Fehler in Sensoren, Steuerger\u00e4ten und anderen elektronischen Bauteilen zuverl\u00e4ssig diagnostizieren.<\/p>\n<\/div>\n<\/li>\n<li>\n<h3>ENTLEERUNG<\/h3>\n<div>\n<p>Im Laufe der Zeit und Kilometer, bauen sich Motor\u00f6le ab und verlieren ihre Eigenschaften. Eine optimale Motorschmierung ist nicht mehr gew\u00e4hrleistet, Ablagerungen k\u00f6nnen sich bilden, die Leistung sinkt und der Treibstoffverbrauch steigt.<\/p>\n<p>F\u00fcr jeden \u00d6lwechsel verwenden wir das Motor\u00f6l, das am besten zu Ihrem Motor und Ihrem Fahrstil passt. Nat\u00fcrlich tauschen wir gleichzeitig den \u00d6lfilter aus.<\/p>\n<\/div>\n<\/li>\n<li>\n<h3>BATTERIESERVICE<\/h3>\n<div>\n<p>Die Batterie ist ein wesentlicher Bestandteil Ihres Autos. Sie erm\u00f6glicht das Starten Ihres Fahrzeugs, liefert aber auch die Stromversorgung, die f\u00fcr den Betrieb der Scheinwerfer, des Radios, der Fensterheber usw. erforderlich ist.<\/p>\n<p>Wir f\u00fchren alle Leistungen im Zusammenhang mit der Kontrolle und dem Austausch der Batterie Ihres Fahrzeugs durch. Wir kontrollieren auch das Lade- und Startsystem Ihres Fahrzeugs.<\/p>\n<\/div>\n<\/li>\n<li>\n<h3>ANBRINGEN VON ZUBEH\u00d6R<\/h3>\n<div>\n<p>Wir bieten den Einbau von Zubeh\u00f6r an, zum Beispiel Solarpaneel, Klimaanlage, R\u00fcckfahrkamera, TV-\/Satellitensystem, Fahrradtr\u00e4ger, Hydraulikzylinder, Einbau von hagelfester Dachverkleidung, usw.<\/p>\n<\/div>\n<\/li>\n<\/ul>\n<ul>\n<li>\n<h3>GAS TEST<\/h3>\n<div>\n<p><strong>Sicherheit geht vor: \u00dcberpr\u00fcfen der Gasanlage !<\/strong><br \/>\nEs ist das Gas, das Ihnen auf Ihren Reisen Unabh\u00e4ngigkeit verleiht. Mit dem Gas in Ihrem Wohnmobil oder Wohnwagen haben Sie immer gen\u00fcgend Energie an Bord. Diese Technologie ist gut f\u00fcr die Umwelt, da das Fl\u00fcssiggas sozusagen verbrennt, ohne Schadstoffe freizusetzen. Dadurch wird die Natur geschont. Trotzdem m\u00fcssen die Gasanlagen von Wohnmobilen und Wohnwagen alle drei Jahre \u00fcberpr\u00fcft werden.<\/p>\n<p>Es spielt keine Rolle, ob Sie Gas zum Heizen, Beleuchten, Kochen oder K\u00fchlen, als Fl\u00fcssiggasheizung, f\u00fcr den Warmwasserbereiter oder f\u00fcr die Therme verwenden; Gas bietet eine Vielzahl von Verwendungsm\u00f6glichkeiten, aber die Installation muss in jedem Fall \u00fcberpr\u00fcft werden. Und gerade, weil es so vielseitig und langlebig ist, sind Vorsichtsma\u00dfnahmen erforderlich. Selbstverst\u00e4ndlich m\u00fcssen Fl\u00fcssiggasinstallationen von einem Fachmann \u00fcberpr\u00fcft werden. Das ist eine Frage der elementaren Sicherheit. Heimwerkermontagen sind anf\u00e4llig f\u00fcr Lecks. Und noch wichtiger ist die Sicherheit, wenn der Verwendungszweck der Anlage etwas ungew\u00f6hnlich ist. Ein Beispiel ist eine Heizung, die auch w\u00e4hrend der Fahrt l\u00e4uft. In diesem Fall m\u00fcssen Schutzvorrichtungen angebracht werden, die verhindern, dass bei einem Unfall unverbranntes Gas austritt.<\/p>\n<p><strong>Sicherheit geht vor<\/strong><br \/>Jede Montage und jede \u00c4nderung einer Gasanlage m\u00fcssen unbedingt von einem Fachmann durchgef\u00fchrt werden. Dar\u00fcber hinaus m\u00fcssen Fl\u00fcssiggasanlagen vor der ersten Inbetriebnahme und danach alle drei Jahre von einem Fachmann \u00fcberpr\u00fcft werden. F\u00fcr den Zustand der Anlage sind die Besitzer von Wohnmobilen, Wohnwagen und Grills verantwortlich.<\/p>\n<\/div>\n<\/li>\n<li>\n<h3>FAHRZEUGPR\u00dcFUNG (MFK) VORBEREITUNG<\/h3>\n<div>\n<p>Alle Fahrzeuge unterliegen einer obligatorischen amtlichen Fahrzeugpr\u00fcfung MFK. Diese wird auf Einladung des Verkehrspr\u00fcfzentrums durchgef\u00fchrt und es soll feststellen, ob das Fahrzeug die gesetzlichen Sicherheitsanforderungen erf\u00fcllt, insbesondere hinsichtlich der wesentlichen Funktionen wie Bremsen, Lenkung, Federung, Beleuchtung, usw.<\/p>\n<p>Wir bereiten Ihr Fahrzeug so vor, dass es die Fahrzeugpr\u00fcfung erfolgreich besteht. Diese Vorbereitung umfasst unter anderem eine Reinigung des Motors und des Fahrgestells, eine \u00dcberpr\u00fcfung der Bremswirkung, eine Sicherheitspr\u00fcfung der Antriebs-, Lenk- und Aufh\u00e4ngungskomponenten sowie eine Funktionspr\u00fcfung der Beleuchtung.<\/p>\n<\/div>\n<\/li>\n<li>\n<h3>BREMSENSERVICE<\/h3>\n<div>\n<p>Das Bremssystem ist das Sicherheitssystem schlechthin. Bremsen in gutem Zustand sorgen daf\u00fcr, dass Sie unter allen Umst\u00e4nden abbremsen und anhalten k\u00f6nnen. Die kleinste Anomalie kann dramatische Folgen haben.<\/p>\n<p>Wir pr\u00fcfen und ersetzen Komponenten der Bremsanlage (Scheiben, Plaketten, Schl\u00e4uche, Fl\u00fcssigkeit, usw). Wir verwenden ausschlie\u00dflich Ersatzteile in Originalqualit\u00e4t und bevorzugen die in der Erstmontage vorhandenen Marken.<\/p>\n<\/div>\n<\/li>\n<li>\n<h3>REIFENSERVICE<\/h3>\n<div>\n<p>Reifen sind die direkte Verbindung zwischen Ihrem Auto und der Stra\u00dfe. Ihr Profil hat gro\u00dfen Einfluss auf das Fahrverhalten und die Bremswirkung Ihres Fahrzeugs.<\/p>\n<p>Beim Reifenwechsel beraten wir Sie gerne \u00fcber die besten Reifen f\u00fcr Ihr Fahrzeug, Ihren Fahrstil, Ihre Bed\u00fcrfnisse und Ihr Budget. Wir f\u00fchren die Demontage und Montage der Reifen sowie das Auswuchten der R\u00e4der mit gr\u00f6\u00dfter Sorgfalt durch. Wir bieten auch die Einlagerung der R\u00e4der an.<\/p>\n<\/div>\n<\/li>\n<li>\n<h3>SPEZIFISCHE REPARATUREN<\/h3>\n<div>\n<p>Selbstverst\u00e4ndlich f\u00fchren wir auch die verschiedenen Schreiner- und Sanit\u00e4rarbeiten an Ihrem Freizeitfahrzeug durch.<\/p>\n<\/div>\n<\/li>\n<\/ul>\n<p><!--more--><br \/>\n<!-- {\"type\":\"layout\",\"children\":[{\"name\":\"Hero\",\"type\":\"section\",\"props\":{\"image\":\"wp-content\\\/uploads\\\/2023\\\/05\\\/atelier.jpg\",\"image_loading\":true,\"image_position\":\"center-right\",\"image_size\":\"contain\",\"image_width\":\"2560\",\"media\":\"images\\\/service-header.jpg\",\"media_visibility\":\"m\",\"padding\":\"large\",\"style\":\"muted\",\"title_breakpoint\":\"xl\",\"title_position\":\"top-left\",\"title_rotation\":\"left\",\"vertical_align\":\"middle\",\"width\":\"default\"},\"children\":[{\"name\":\"\",\"type\":\"row\",\"children\":[{\"name\":\"\",\"type\":\"column\",\"props\":{\"image_position\":\"center-center\",\"media_overlay_gradient\":\"\",\"position_sticky_breakpoint\":\"m\",\"width_medium\":\"1-1\"},\"children\":[{\"name\":\"\",\"type\":\"headline\",\"props\":{\"content\":\"Werkstatt in Corg\\u00e9mont\",\"maxwidth\":\"xlarge\",\"title_element\":\"h1\",\"title_style\":\"h1\"}},{\"name\":\"\",\"type\":\"text\",\"props\":{\"column_breakpoint\":\"m\",\"content\":\"\n\n<p>Wir f\\u00fchren alle spezifischen Arbeiten im Zusammenhang mit Ihrem Wohnmobil, Wohnwagen, Kastenwagen und Vans durch.<\\\/p>\",\"margin\":\"\",\"maxwidth\":\"xlarge\",\"text_style\":\"lead\"}}]}]}]},{\"name\":\"Avantages\",\"type\":\"section\",\"props\":{\"image_position\":\"center-center\",\"image_size\":\"cover\",\"padding\":\"large\",\"style\":\"secondary\",\"title_breakpoint\":\"xl\",\"title_position\":\"top-left\",\"title_rotation\":\"left\",\"vertical_align\":\"middle\",\"width\":\"default\"},\"children\":[{\"name\":\"\",\"type\":\"row\",\"children\":[{\"name\":\"\",\"type\":\"column\",\"props\":{\"image_position\":\"center-center\",\"media_overlay_gradient\":\"\",\"position_sticky_breakpoint\":\"m\",\"width_medium\":\"1-1\"},\"children\":[{\"name\":\"\",\"type\":\"headline\",\"props\":{\"content\":\"Unsere Vorteile\",\"margin\":\"medium\",\"title_decoration\":\"bullet\",\"title_element\":\"h2\",\"title_style\":\"h6\"}},{\"type\":\"grid\",\"props\":{\"content_column_breakpoint\":\"m\",\"content_style\":\"text-lead\",\"filter_align\":\"left\",\"filter_all\":true,\"filter_grid_breakpoint\":\"m\",\"filter_grid_width\":\"auto\",\"filter_position\":\"top\",\"filter_style\":\"tab\",\"grid_default\":\"1\",\"grid_divider\":true,\"grid_medium\":\"\",\"icon_ratio\":4,\"icon_width\":80,\"image_align\":\"top\",\"image_grid_breakpoint\":\"m\",\"image_grid_width\":\"1-2\",\"image_svg_color\":\"emphasis\",\"item_animation\":true,\"link_style\":\"default\",\"link_text\":\"Read more\",\"margin\":\"default\",\"meta_align\":\"below-title\",\"meta_element\":\"div\",\"meta_style\":\"text-meta\",\"parallax_easing\":\"1\",\"show_content\":true,\"show_image\":true,\"show_link\":true,\"show_meta\":true,\"show_title\":true,\"title_align\":\"left\",\"title_element\":\"h3\",\"title_grid_breakpoint\":\"m\",\"title_grid_width\":\"1-3\",\"title_hover_style\":\"reset\",\"title_style\":\"h4\"},\"children\":[{\"type\":\"grid_item\",\"props\":{\"content\":\"Unsere Mitarbeiter verf\\u00fcgen \\u00fcber ein breites Markenwissen, dass sie in die Lage versetzt, an Fahrzeugen aller Marken zu arbeiten.\",\"title\":\"Alle Marken\"}},{\"type\":\"grid_item\",\"props\":{\"content\":\"Da wir an Ihrem Fahrzeug nach den Vorgaben des Herstellers arbeiten, beh\\u00e4lt Ihr Fahrzeug seine Herstellergarantie.\",\"title\":\"Herstellergarantie\"}},{\"type\":\"grid_item\",\"props\":{\"content\":\"Wir pr\\u00fcfen mit Ihnen die f\\u00fcr Ihr Fahrzeug am besten geeignete L\\u00f6sung und geben Ihnen alle notwendigen Erkl\\u00e4rungen.\",\"title\":\"Transparenz\"}}]}]}]}]},{\"name\":\"Prestations\",\"type\":\"section\",\"props\":{\"height_viewport\":false,\"image_position\":\"center-center\",\"image_size\":\"cover\",\"padding\":\"large\",\"preserve_color\":false,\"style\":\"default\",\"title_breakpoint\":\"xl\",\"title_position\":\"top-left\",\"title_rotation\":\"left\",\"vertical_align\":\"middle\",\"width\":\"default\"},\"children\":[{\"name\":\"\",\"type\":\"row\",\"children\":[{\"name\":\"\",\"type\":\"column\",\"props\":{\"image_position\":\"center-center\",\"media_overlay_gradient\":\"\",\"position_sticky_breakpoint\":\"m\",\"width_medium\":\"1-1\"},\"children\":[{\"name\":\"\",\"type\":\"headline\",\"props\":{\"content\":\"Unsere Dienstleistungen\",\"margin\":\"medium\",\"margin_remove_bottom\":false,\"title_decoration\":\"bullet\",\"title_element\":\"h2\",\"title_style\":\"h6\"}}]}]},{\"type\":\"row\",\"props\":{\"layout\":\"1-2,1-2\"},\"children\":[{\"type\":\"column\",\"props\":{\"image_position\":\"center-center\",\"media_overlay_gradient\":\"\",\"position_sticky_breakpoint\":\"m\",\"width_medium\":\"1-2\"},\"children\":[{\"type\":\"accordion\",\"props\":{\"collapsible\":true,\"content_column_breakpoint\":\"m\",\"image_align\":\"top\",\"image_grid_breakpoint\":\"m\",\"image_grid_width\":\"1-2\",\"image_svg_color\":\"emphasis\",\"link_style\":\"default\",\"link_text\":\"Read more\",\"show_image\":true,\"show_link\":true},\"children\":[{\"type\":\"accordion_item\",\"props\":{\"content\":\"Die heutigen Wohnmobile sind robust und gut gebaut, aber es w\\u00e4re unm\\u00f6glich, alle Risiken von Infiltrationen zu vermeiden. Unsere Fahrzeuge werden tats\\u00e4chlich auf eine harte Probe gestellt und sind allen Elementen ausgesetzt. Aus diesem Grund haben die Hersteller Dichtheitsgarantien eingef\\u00fchrt, die an eine regelm\\u00e4\\u00dfige Kontrolle durch einen Fachmann gekn\\u00fcpft sind.\",\"title\":\"DICHTIGKEITSKONTROLLE\"}},{\"type\":\"accordion_item\",\"props\":{\"content\":\"\n\n<p>Im Laufe der Kilometer verschlei\\u00dfen die Teile Ihres Fahrzeugs. Einige Fl\\u00fcssigkeiten verlieren zunehmend an Leistung. Die verschiedenen Filter, mit denen Ihr Fahrzeug ausgestattet ist, verschmutzen. Die Bremsscheiben und -bel\\u00e4ge verschlei\\u00dfen und verlieren ihre Wirkung.<\\\/p>\\n\n\n<p>Mit unserer modernen technischen Ausstattung und unserem ausgepr\\u00e4gten Wissen in Mechanik und Elektrotechnik f\\u00fchren wir alle Wartungs- und Reparaturarbeiten durch - f\\u00fcr alle Automarken und in k\\u00fcrzester Zeit! Wir verwenden nur Ersatzteile in Erstausr\\u00fcsterqualit\\u00e4t, die von den bekanntesten Marken der Automobilindustrie hergestellt werden.<\\\/p>\",\"title\":\"ALLGEMEINE WARTUNG\"}},{\"type\":\"accordion_item\",\"props\":{\"content\":\"\n\n<p>Fahrzeuge sind heute mit einer gro\\u00dfen Anzahl elektronischer Sensoren und Steuerger\\u00e4te ausgestattet, die die Leistung des Fahrzeugs verbessern und die Sicherheit und den Komfort erh\\u00f6hen. Bei diesen elektronischen Bauteilen kommt es manchmal zu Ausf\\u00e4llen, die sich durch eine Warnleuchte auf dem Armaturenbrett oder durch die Immobilisierung des Fahrzeugs bemerkbar machen k\\u00f6nnen.<\\\/p>\\n\n\n<p>Mithilfe eines Mehrmarken-Diagnoseger\\u00e4ts k\\u00f6nnen wir alle in den Steuerger\\u00e4ten gespeicherten Fehlercodes lesen, interpretieren, l\\u00f6schen sowie Fehler in Sensoren, Steuerger\\u00e4ten und anderen elektronischen Bauteilen zuverl\\u00e4ssig diagnostizieren.<\\\/p>\",\"title\":\"FAHRZEUGDIAGNOSE\"}},{\"type\":\"accordion_item\",\"props\":{\"content\":\"\n\n<p>Im Laufe der Zeit und Kilometer, bauen sich Motor\\u00f6le ab und verlieren ihre Eigenschaften. Eine optimale Motorschmierung ist nicht mehr gew\\u00e4hrleistet, Ablagerungen k\\u00f6nnen sich bilden, die Leistung sinkt und der Treibstoffverbrauch steigt.<\\\/p>\\n\n\n<p>F\\u00fcr jeden \\u00d6lwechsel verwenden wir das Motor\\u00f6l, das am besten zu Ihrem Motor und Ihrem Fahrstil passt. Nat\\u00fcrlich tauschen wir gleichzeitig den \\u00d6lfilter aus.<\\\/p>\",\"title\":\"ENTLEERUNG\"}},{\"type\":\"accordion_item\",\"props\":{\"content\":\"\n\n<p>Die Batterie ist ein wesentlicher Bestandteil Ihres Autos. Sie erm\\u00f6glicht das Starten Ihres Fahrzeugs, liefert aber auch die Stromversorgung, die f\\u00fcr den Betrieb der Scheinwerfer, des Radios, der Fensterheber usw. erforderlich ist.<\\\/p>\\n\n\n<p>Wir f\\u00fchren alle Leistungen im Zusammenhang mit der Kontrolle und dem Austausch der Batterie Ihres Fahrzeugs durch. Wir kontrollieren auch das Lade- und Startsystem Ihres Fahrzeugs.<\\\/p>\",\"title\":\"BATTERIESERVICE\"}},{\"type\":\"accordion_item\",\"props\":{\"content\":\"\n\n<p>Wir bieten den Einbau von Zubeh\\u00f6r an, zum Beispiel Solarpaneel, Klimaanlage, R\\u00fcckfahrkamera, TV-\\\/Satellitensystem, Fahrradtr\\u00e4ger, Hydraulikzylinder, Einbau von hagelfester Dachverkleidung, usw.<\\\/p>\",\"title\":\"ANBRINGEN VON ZUBEH\\u00d6R\"}}]}]},{\"type\":\"column\",\"props\":{\"image_position\":\"center-center\",\"media_overlay_gradient\":\"\",\"position_sticky_breakpoint\":\"m\",\"width_medium\":\"1-2\"},\"children\":[{\"type\":\"accordion\",\"props\":{\"collapsible\":true,\"content_column_breakpoint\":\"m\",\"image_align\":\"top\",\"image_grid_breakpoint\":\"m\",\"image_grid_width\":\"1-2\",\"image_svg_color\":\"emphasis\",\"link_style\":\"default\",\"link_text\":\"Read more\",\"show_image\":true,\"show_link\":true},\"children\":[{\"type\":\"accordion_item\",\"props\":{\"content\":\"\n\n<p><strong>Sicherheit geht vor: \\u00dcberpr\\u00fcfen der Gasanlage !<\\\/strong><br \/>\\nEs ist das Gas, das Ihnen auf Ihren Reisen Unabh\\u00e4ngigkeit verleiht. Mit dem Gas in Ihrem Wohnmobil oder Wohnwagen haben Sie immer gen\\u00fcgend Energie an Bord. Diese Technologie ist gut f\\u00fcr die Umwelt, da das Fl\\u00fcssiggas sozusagen verbrennt, ohne Schadstoffe freizusetzen. Dadurch wird die Natur geschont. Trotzdem m\\u00fcssen die Gasanlagen von Wohnmobilen und Wohnwagen alle drei Jahre \\u00fcberpr\\u00fcft werden.<\\\/p>\\n\n\n<p>Es spielt keine Rolle, ob Sie Gas zum Heizen, Beleuchten, Kochen oder K\\u00fchlen, als Fl\\u00fcssiggasheizung, f\\u00fcr den Warmwasserbereiter oder f\\u00fcr die Therme verwenden; Gas bietet eine Vielzahl von Verwendungsm\\u00f6glichkeiten, aber die Installation muss in jedem Fall \\u00fcberpr\\u00fcft werden. Und gerade, weil es so vielseitig und langlebig ist, sind Vorsichtsma\\u00dfnahmen erforderlich. Selbstverst\\u00e4ndlich m\\u00fcssen Fl\\u00fcssiggasinstallationen von einem Fachmann \\u00fcberpr\\u00fcft werden. Das ist eine Frage der elementaren Sicherheit. Heimwerkermontagen sind anf\\u00e4llig f\\u00fcr Lecks. Und noch wichtiger ist die Sicherheit, wenn der Verwendungszweck der Anlage etwas ungew\\u00f6hnlich ist. Ein Beispiel ist eine Heizung, die auch w\\u00e4hrend der Fahrt l\\u00e4uft. In diesem Fall m\\u00fcssen Schutzvorrichtungen angebracht werden, die verhindern, dass bei einem Unfall unverbranntes Gas austritt.<\\\/p>\\n\n\n<p><strong>Sicherheit geht vor<\\\/strong><br \\\/>Jede Montage und jede \\u00c4nderung einer Gasanlage m\\u00fcssen unbedingt von einem Fachmann durchgef\\u00fchrt werden. Dar\\u00fcber hinaus m\\u00fcssen Fl\\u00fcssiggasanlagen vor der ersten Inbetriebnahme und danach alle drei Jahre von einem Fachmann \\u00fcberpr\\u00fcft werden. F\\u00fcr den Zustand der Anlage sind die Besitzer von Wohnmobilen, Wohnwagen und Grills verantwortlich.<\\\/p>\",\"title\":\"GAS TEST\"}},{\"type\":\"accordion_item\",\"props\":{\"content\":\"\n\n<p>Alle Fahrzeuge unterliegen einer obligatorischen amtlichen Fahrzeugpr\\u00fcfung MFK. Diese wird auf Einladung des Verkehrspr\\u00fcfzentrums durchgef\\u00fchrt und es soll feststellen, ob das Fahrzeug die gesetzlichen Sicherheitsanforderungen erf\\u00fcllt, insbesondere hinsichtlich der wesentlichen Funktionen wie Bremsen, Lenkung, Federung, Beleuchtung, usw.<\\\/p>\\n\n\n<p>Wir bereiten Ihr Fahrzeug so vor, dass es die Fahrzeugpr\\u00fcfung erfolgreich besteht. Diese Vorbereitung umfasst unter anderem eine Reinigung des Motors und des Fahrgestells, eine \\u00dcberpr\\u00fcfung der Bremswirkung, eine Sicherheitspr\\u00fcfung der Antriebs-, Lenk- und Aufh\\u00e4ngungskomponenten sowie eine Funktionspr\\u00fcfung der Beleuchtung.<\\\/p>\",\"title\":\"FAHRZEUGPR\\u00dcFUNG (MFK) VORBEREITUNG\"}},{\"type\":\"accordion_item\",\"props\":{\"content\":\"\n\n<p>Das Bremssystem ist das Sicherheitssystem schlechthin. Bremsen in gutem Zustand sorgen daf\\u00fcr, dass Sie unter allen Umst\\u00e4nden abbremsen und anhalten k\\u00f6nnen. Die kleinste Anomalie kann dramatische Folgen haben.<\\\/p>\\n\n\n<p>Wir pr\\u00fcfen und ersetzen Komponenten der Bremsanlage (Scheiben, Plaketten, Schl\\u00e4uche, Fl\\u00fcssigkeit, usw). Wir verwenden ausschlie\\u00dflich Ersatzteile in Originalqualit\\u00e4t und bevorzugen die in der Erstmontage vorhandenen Marken.<\\\/p>\",\"title\":\"BREMSENSERVICE\"}},{\"type\":\"accordion_item\",\"props\":{\"content\":\"\n\n<p>Reifen sind die direkte Verbindung zwischen Ihrem Auto und der Stra\\u00dfe. Ihr Profil hat gro\\u00dfen Einfluss auf das Fahrverhalten und die Bremswirkung Ihres Fahrzeugs.<\\\/p>\\n\n\n<p>Beim Reifenwechsel beraten wir Sie gerne \\u00fcber die besten Reifen f\\u00fcr Ihr Fahrzeug, Ihren Fahrstil, Ihre Bed\\u00fcrfnisse und Ihr Budget. Wir f\\u00fchren die Demontage und Montage der Reifen sowie das Auswuchten der R\\u00e4der mit gr\\u00f6\\u00dfter Sorgfalt durch. Wir bieten auch die Einlagerung der R\\u00e4der an.<\\\/p>\",\"title\":\"REIFENSERVICE\"}},{\"type\":\"accordion_item\",\"props\":{\"content\":\"\n\n<p>Selbstverst\\u00e4ndlich f\\u00fchren wir auch die verschiedenen Schreiner- und Sanit\\u00e4rarbeiten an Ihrem Freizeitfahrzeug durch.<\\\/p>\",\"title\":\"SPEZIFISCHE REPARATUREN\"}}]}]}]}]}],\"version\":\"3.0.26\"} --><\/p>\n","protected":false},"excerpt":{"rendered":"<p>Werkstatt in Corg\u00e9mont Wir f\u00fchren alle spezifischen Arbeiten im Zusammenhang mit Ihrem Wohnmobil, Wohnwagen, Kastenwagen und Vans durch. Unsere Vorteile Alle Marken Unsere Mitarbeiter verf\u00fcgen \u00fcber ein breites Markenwissen, dass sie in die Lage versetzt, an Fahrzeugen aller Marken zu arbeiten. Herstellergarantie Da wir an Ihrem Fahrzeug nach den Vorgaben des Herstellers arbeiten, beh\u00e4lt Ihr [&hellip;]<\/p>\n","protected":false},"author":1,"featured_media":0,"parent":1452,"menu_order":16,"comment_status":"closed","ping_status":"closed","template":"","meta":{"footnotes":""},"folder":[29],"class_list":["post-1450","page","type-page","status-publish","hentry"],"_links":{"self":[{"href":"https:\/\/gdlcamper.ch\/de\/wp-json\/wp\/v2\/pages\/1450","targetHints":{"allow":["GET"]}}],"collection":[{"href":"https:\/\/gdlcamper.ch\/de\/wp-json\/wp\/v2\/pages"}],"about":[{"href":"https:\/\/gdlcamper.ch\/de\/wp-json\/wp\/v2\/types\/page"}],"author":[{"embeddable":true,"href":"https:\/\/gdlcamper.ch\/de\/wp-json\/wp\/v2\/users\/1"}],"replies":[{"embeddable":true,"href":"https:\/\/gdlcamper.ch\/de\/wp-json\/wp\/v2\/comments?post=1450"}],"version-history":[{"count":0,"href":"https:\/\/gdlcamper.ch\/de\/wp-json\/wp\/v2\/pages\/1450\/revisions"}],"up":[{"embeddable":true,"href":"https:\/\/gdlcamper.ch\/de\/wp-json\/wp\/v2\/pages\/1452"}],"wp:attachment":[{"href":"https:\/\/gdlcamper.ch\/de\/wp-json\/wp\/v2\/media?parent=1450"}],"wp:term":[{"taxonomy":"folder","embeddable":true,"href":"https:\/\/gdlcamper.ch\/de\/wp-json\/wp\/v2\/folder?post=1450"}],"curies":[{"name":"wp","href":"https:\/\/api.w.org\/{rel}","templated":true}]}}