{"id":1451,"date":"2022-12-01T09:41:04","date_gmt":"2022-12-01T08:41:04","guid":{"rendered":"https:\/\/gdlcamper.ch\/financement\/"},"modified":"2023-02-09T10:51:29","modified_gmt":"2023-02-09T09:51:29","slug":"finanzierung","status":"publish","type":"page","link":"https:\/\/gdlcamper.ch\/de\/unsere-dienstleistungen\/finanzierung\/","title":{"rendered":"Finanzierung"},"content":{"rendered":"<h1>Finanzierung<\/h1>\n<div>M\u00f6chten Sie Ihr Traumfahrzeug kaufen ?<\/div>\n<h3>Flexible Leasingl\u00f6sungen<\/h3>\n<div>\n<p>Finanzieren Sie Ihr neues Fahrzeug unabh\u00e4ngig von der Marke mit einem Leasingvertrag. Da Sie nicht Eigent\u00fcmer des Fahrzeugs werden, zahlen Sie nur f\u00fcr die Nutzung. Dank fester Monatsraten k\u00f6nnen Sie Ihr Budget zuverl\u00e4ssig kalkulieren. Nach Ablauf der Vertragslaufzeit geben Sie das Fahrzeug an den H\u00e4ndler zur\u00fcck oder nutzen die Gelegenheit, ein neues Fahrzeug zu leasen.<\/p>\n<p>Wir haben wahrscheinlich die passende Finanzierungsl\u00f6sung f\u00fcr Ihre Bed\u00fcrfnisse.<\/p>\n<p>Kaufen oder leasen, bei uns haben Sie die Wahl.<\/p>\n<p>Unsere Verk\u00e4ufer nehmen sich die Zeit, Sie zu beraten und Sie bei Ihren Schritten zu begleiten.<\/p>\n<\/div>\n<ul>\n<li>\n<p>        <img decoding=\"async\" src=\"\/wp-content\/uploads\/2022\/12\/loupe.svg\" alt=\"\"><\/p>\n<h3>Schritt 1<\/h3>\n<p>Wahl Ihres Fahrzeugs<\/p>\n<\/li>\n<li>\n<p>        <img decoding=\"async\" src=\"\/wp-content\/uploads\/2022\/12\/calculator.svg\" alt=\"\"><\/p>\n<h3>Schritt 2<\/h3>\n<p>Berechnung des Leasings<\/p>\n<\/li>\n<li>\n<p>        <img decoding=\"async\" src=\"\/wp-content\/uploads\/2022\/12\/contract.svg\" alt=\"\"><\/p>\n<h3>Schritt 3<\/h3>\n<p>Erstellung des Vertrags<\/p>\n<\/li>\n<\/ul>\n<p>\n    <a href=\"\/de\/kontakt\/\">Kontaktieren Sie uns, um dar\u00fcber zu sprechen<\/a>\n<\/p>\n<ul>\n<li>\n<h3>WERDEN SIE DURCH DEN ABSCHLUSS EINES LEASINGVERTRAGS EIGENT\u00dcMER DES FAHRZEUGS ?<\/h3>\n<div>Sie sind der Nutzer des Fahrzeugs, wodurch Sie es bis zum Ende des Vertrags nutzen k\u00f6nnen. Der Eigent\u00fcmer ist und bleibt die Finanzierungsgesellschaft. Der R\u00fcckkauf des Fahrzeugs ist jederzeit m\u00f6glich.<\/div>\n<\/li>\n<li>\n<h3>BEZIEHT SICH LEASING NUR AUF NEUFAHRZEUGE ?<\/h3>\n<div>Diese Finanzierungsart gilt auch f\u00fcr Gebrauchtwagen.<\/div>\n<\/li>\n<li>\n<h3>KANN ICH MEINEN LEASINGVERTRAG VORZEITIG BEENDEN ?<\/h3>\n<div>Der Leasingnehmer hat das Recht, den Vertrag unter Einhaltung einer K\u00fcndigungsfrist von 30 Tagen schriftlich vorzeitig zum Ende eines Zeitraums von drei Monaten zu k\u00fcndigen.<\/div>\n<\/li>\n<\/ul>\n<ul>\n<li>\n<h3>BIN ICH IM FALLE DES DIEBSTAHLS EINES LEASINGFAHRZEUGS VERSICHERT ?<\/h3>\n<div>Die &#8222;Vollkasko&#8220;-Versicherung ist w\u00e4hrend der gesamten Vertragslaufzeit Pflicht und deckt dieses Risiko ab.<\/div>\n<\/li>\n<li>\n<h3>HABE ICH NACH ABLAUF DER LEASINGDAUER DIE M\u00d6GLICHKEIT, DEN VERTRAG ZU VERL\u00c4NGERN ?<\/h3>\n<div>GDL Camper S\u00e0rl wird Ihnen je nach Ihren Bedenken und Bed\u00fcrfnissen verschiedene m\u00f6gliche Optionen vorschlagen.<\/div>\n<\/li>\n<li>\n<h3>IST DAS LEASING DES FINANZIERUNGSANBIETERS VORTEILHAFT ?<\/h3>\n<div>Ja, mit unserem Finanzierungsanbieter entscheiden Sie sich f\u00fcr einen wettbewerbsf\u00e4higen Zinssatz und ein Budget, das ausgeglichen bleibt und keine \u00dcberraschungen birgt.<\/div>\n<\/li>\n<\/ul>\n<p><!--more--><br \/>\n<!-- {\"type\":\"layout\",\"children\":[{\"name\":\"Hero services\",\"type\":\"section\",\"props\":{\"image\":\"wp-content\\\/uploads\\\/2022\\\/12\\\/leasing.jpg\",\"image_loading\":true,\"image_position\":\"center-right\",\"image_size\":\"contain\",\"image_width\":\"2560\",\"media\":\"images\\\/service-header.jpg\",\"media_visibility\":\"m\",\"padding\":\"large\",\"style\":\"muted\",\"title_breakpoint\":\"xl\",\"title_position\":\"top-left\",\"title_rotation\":\"left\",\"vertical_align\":\"middle\",\"width\":\"default\"},\"children\":[{\"name\":\"\",\"type\":\"row\",\"children\":[{\"name\":\"\",\"type\":\"column\",\"props\":{\"image_position\":\"center-center\",\"media_overlay_gradient\":\"\",\"position_sticky_breakpoint\":\"m\",\"width_medium\":\"1-1\"},\"children\":[{\"name\":\"\",\"type\":\"headline\",\"props\":{\"content\":\"Finanzierung\",\"maxwidth\":\"xlarge\",\"title_element\":\"h1\",\"title_style\":\"h1\"}},{\"name\":\"\",\"type\":\"text\",\"props\":{\"column_breakpoint\":\"m\",\"content\":\"M\\u00f6chten Sie Ihr Traumfahrzeug kaufen ?\",\"margin\":\"\",\"maxwidth\":\"xlarge\",\"text_style\":\"lead\"}}]}]}]},{\"name\":\"Financement\",\"type\":\"section\",\"props\":{\"animation_delay\":false,\"image_position\":\"center-center\",\"padding\":\"large\",\"style\":\"secondary\",\"title\":\"\",\"title_breakpoint\":\"m\",\"title_position\":\"center-right\",\"title_rotation\":\"left\",\"vertical_align\":\"\",\"width\":\"default\"},\"children\":[{\"name\":\"\",\"type\":\"row\",\"props\":{\"column_gap\":\"large\",\"row_gap\":\"large\"},\"children\":[{\"name\":\"\",\"type\":\"column\",\"props\":{\"image_position\":\"center-center\",\"media_overlay_gradient\":\"\",\"position_sticky_breakpoint\":\"m\",\"vertical_align\":\"middle\",\"width_medium\":\"\"},\"children\":[{\"type\":\"headline\",\"props\":{\"content\":\"Flexible Leasingl\\u00f6sungen\",\"text_align\":\"center\",\"title_element\":\"h3\",\"title_style\":\"h3\"}},{\"type\":\"text\",\"props\":{\"column_breakpoint\":\"m\",\"content\":\"\n\n<p>Finanzieren Sie Ihr neues Fahrzeug unabh\\u00e4ngig von der Marke mit einem Leasingvertrag. Da Sie nicht Eigent\\u00fcmer des Fahrzeugs werden, zahlen Sie nur f\\u00fcr die Nutzung. Dank fester Monatsraten k\\u00f6nnen Sie Ihr Budget zuverl\\u00e4ssig kalkulieren. Nach Ablauf der Vertragslaufzeit geben Sie das Fahrzeug an den H\\u00e4ndler zur\\u00fcck oder nutzen die Gelegenheit, ein neues Fahrzeug zu leasen.<\\\/p>\\n\n\n<p>Wir haben wahrscheinlich die passende Finanzierungsl\\u00f6sung f\\u00fcr Ihre Bed\\u00fcrfnisse.<\\\/p>\\n\n\n<p>Kaufen oder leasen, bei uns haben Sie die Wahl.<\\\/p>\\n\n\n<p>Unsere Verk\\u00e4ufer nehmen sich die Zeit, Sie zu beraten und Sie bei Ihren Schritten zu begleiten.<\\\/p>\",\"margin\":\"default\",\"text_align\":\"center\"}},{\"name\":\"\",\"type\":\"grid\",\"props\":{\"animation\":\"none\",\"block_align\":\"center\",\"content_column_breakpoint\":\"m\",\"css\":\".el-item {\\n    background-color: rgba(0,0,0,.2);   \\n    border-radius: 20px;\\n}\\n\",\"filter_align\":\"left\",\"filter_all\":true,\"filter_grid_breakpoint\":\"m\",\"filter_grid_width\":\"auto\",\"filter_position\":\"top\",\"filter_style\":\"tab\",\"grid_column_gap\":\"large\",\"grid_default\":\"1\",\"grid_divider\":true,\"grid_masonry\":false,\"grid_medium\":\"\",\"grid_row_gap\":\"large\",\"grid_small\":\"3\",\"icon_width\":80,\"image_align\":\"bottom\",\"image_grid_breakpoint\":\"m\",\"image_grid_width\":\"1-2\",\"image_svg_color\":\"emphasis\",\"image_svg_inline\":true,\"image_width\":\"60px\",\"item_animation\":true,\"link_style\":\"default\",\"link_text\":\"Read more\",\"margin\":\"large\",\"maxwidth_breakpoint\":\"s\",\"meta_align\":\"below-title\",\"meta_element\":\"div\",\"meta_style\":\"\",\"panel_card_size\":\"\",\"panel_padding\":\"default\",\"panel_style\":\"card-secondary\",\"parallax_breakpoint\":\"l\",\"parallax_easing\":\"0.3\",\"parallax_end\":\"50vh + 50%\",\"parallax_x\":\"350,1\",\"show_content\":true,\"show_image\":true,\"show_link\":true,\"show_meta\":true,\"show_title\":true,\"text_align\":\"center\",\"title_align\":\"top\",\"title_element\":\"h3\",\"title_grid_breakpoint\":\"m\",\"title_grid_width\":\"1-2\",\"title_hover_style\":\"reset\",\"title_style\":\"h5\"},\"children\":[{\"name\":\"\",\"type\":\"grid_item\",\"props\":{\"image\":\"wp-content\\\/uploads\\\/2022\\\/12\\\/loupe.svg\",\"meta\":\"Wahl Ihres Fahrzeugs\",\"title\":\"Schritt 1\"}},{\"name\":\"\",\"type\":\"grid_item\",\"props\":{\"image\":\"wp-content\\\/uploads\\\/2022\\\/12\\\/calculator.svg\",\"meta\":\"Berechnung des Leasings\",\"title\":\"Schritt 2\"}},{\"name\":\"\",\"type\":\"grid_item\",\"props\":{\"image\":\"wp-content\\\/uploads\\\/2022\\\/12\\\/contract.svg\",\"meta\":\"Erstellung des Vertrags\",\"title\":\"Schritt 3\"}}]},{\"name\":\"Button Style Default\",\"type\":\"button\",\"children\":[{\"type\":\"button_item\",\"props\":{\"button_style\":\"primary\",\"content\":\"Kontaktieren Sie uns, um dar\\u00fcber zu sprechen\",\"icon_align\":\"left\",\"link\":\"\\\/de\\\/kontakt\\\/\"}}],\"props\":{\"grid_column_gap\":\"small\",\"grid_row_gap\":\"small\",\"margin\":\"medium\",\"margin_remove_top\":false,\"text_align\":\"center\"}}]}]}]},{\"type\":\"section\",\"props\":{\"image\":\"wp-content\\\/uploads\\\/2022\\\/11\\\/hand_shake.jpg\",\"image_parallax_bgy\":\"-100\",\"image_position\":\"center-center\",\"image_size\":\"cover\",\"media_overlay\":\"rgba(0, 0, 0, 0.24)\",\"overlap\":false,\"padding\":\"xlarge\",\"padding_remove_top\":false,\"style\":\"default\",\"title_breakpoint\":\"xl\",\"title_position\":\"top-left\",\"title_rotation\":\"left\",\"vertical_align\":\"middle\",\"width\":\"\"},\"children\":[{\"type\":\"row\",\"props\":{\"margin\":\"remove-vertical\"},\"children\":[{\"type\":\"column\",\"props\":{\"image_position\":\"center-center\",\"media_overlay_gradient\":\"\",\"position_sticky_breakpoint\":\"m\",\"vertical_align\":\"middle\"},\"children\":[]}]}]},{\"type\":\"section\",\"props\":{\"image_position\":\"center-center\",\"padding\":\"large\",\"style\":\"default\",\"title_breakpoint\":\"xl\",\"title_position\":\"top-left\",\"title_rotation\":\"left\",\"vertical_align\":\"middle\",\"width\":\"default\"},\"children\":[{\"type\":\"row\",\"children\":[{\"type\":\"column\",\"props\":{\"image_position\":\"center-center\",\"media_overlay_gradient\":\"\",\"position_sticky_breakpoint\":\"m\",\"width_medium\":\"1-2\"},\"children\":[{\"name\":\"FAQ financement\",\"type\":\"accordion\",\"children\":[{\"name\":\"\",\"type\":\"accordion_item\",\"props\":{\"content\":\"Sie sind der Nutzer des Fahrzeugs, wodurch Sie es bis zum Ende des Vertrags nutzen k\\u00f6nnen. Der Eigent\\u00fcmer ist und bleibt die Finanzierungsgesellschaft. Der R\\u00fcckkauf des Fahrzeugs ist jederzeit m\\u00f6glich.\",\"image\":\"\",\"link\":\"\",\"title\":\"WERDEN SIE DURCH DEN ABSCHLUSS EINES LEASINGVERTRAGS EIGENT\\u00dcMER DES FAHRZEUGS ?\"}},{\"name\":\"\",\"type\":\"accordion_item\",\"props\":{\"content\":\"Diese Finanzierungsart gilt auch f\\u00fcr Gebrauchtwagen.\",\"image\":\"\",\"link\":\"\",\"title\":\"BEZIEHT SICH LEASING NUR AUF NEUFAHRZEUGE ?\"}},{\"name\":\"\",\"type\":\"accordion_item\",\"props\":{\"content\":\"Der Leasingnehmer hat das Recht, den Vertrag unter Einhaltung einer K\\u00fcndigungsfrist von 30 Tagen schriftlich vorzeitig zum Ende eines Zeitraums von drei Monaten zu k\\u00fcndigen.\",\"image\":\"\",\"link\":\"\",\"title\":\"KANN ICH MEINEN LEASINGVERTRAG VORZEITIG BEENDEN ?\"}}],\"props\":{\"collapsible\":true,\"content_column\":\"\",\"content_column_breakpoint\":\"m\",\"image_align\":\"left\",\"image_grid_breakpoint\":\"s\",\"image_grid_width\":\"auto\",\"image_height\":\"100\",\"image_svg_color\":\"emphasis\",\"image_vertical_align\":true,\"image_width\":\"100\",\"link_style\":\"default\",\"link_text\":\"En savoir plus\",\"margin_remove_top\":false,\"multiple\":false,\"show_image\":true,\"show_link\":true,\"title_element\":\"h3\"}}]},{\"type\":\"column\",\"props\":{\"image_position\":\"center-center\",\"media_overlay_gradient\":\"\",\"position_sticky_breakpoint\":\"m\",\"width_medium\":\"1-2\"},\"children\":[{\"name\":\"FAQ financement\",\"type\":\"accordion\",\"children\":[{\"name\":\"\",\"type\":\"accordion_item\",\"props\":{\"content\":\"Die \\\"Vollkasko\\\"-Versicherung ist w\\u00e4hrend der gesamten Vertragslaufzeit Pflicht und deckt dieses Risiko ab.\",\"image\":\"\",\"link\":\"\",\"title\":\"BIN ICH IM FALLE DES DIEBSTAHLS EINES LEASINGFAHRZEUGS VERSICHERT ?\"}},{\"name\":\"\",\"type\":\"accordion_item\",\"props\":{\"content\":\"GDL Camper S\\u00e0rl wird Ihnen je nach Ihren Bedenken und Bed\\u00fcrfnissen verschiedene m\\u00f6gliche Optionen vorschlagen.\",\"image\":\"\",\"link\":\"\",\"title\":\"HABE ICH NACH ABLAUF DER LEASINGDAUER DIE M\\u00d6GLICHKEIT, DEN VERTRAG ZU VERL\\u00c4NGERN ?\"}},{\"name\":\"\",\"type\":\"accordion_item\",\"props\":{\"content\":\"Ja, mit unserem Finanzierungsanbieter entscheiden Sie sich f\\u00fcr einen wettbewerbsf\\u00e4higen Zinssatz und ein Budget, das ausgeglichen bleibt und keine \\u00dcberraschungen birgt.\",\"image\":\"\",\"link\":\"\",\"title\":\"IST DAS LEASING DES FINANZIERUNGSANBIETERS VORTEILHAFT ?\"}}],\"props\":{\"collapsible\":true,\"content_column\":\"\",\"content_column_breakpoint\":\"m\",\"image_align\":\"left\",\"image_grid_breakpoint\":\"s\",\"image_grid_width\":\"auto\",\"image_height\":\"100\",\"image_svg_color\":\"emphasis\",\"image_vertical_align\":true,\"image_width\":\"100\",\"link_style\":\"default\",\"link_text\":\"En savoir plus\",\"margin_remove_top\":false,\"multiple\":false,\"show_image\":true,\"show_link\":true,\"title_element\":\"h3\"}}]}],\"props\":{\"layout\":\"1-2,1-2\"}}],\"name\":\"FAQ\"}],\"version\":\"3.0.23\"} --><\/p>\n","protected":false},"excerpt":{"rendered":"<p>Finanzierung M\u00f6chten Sie Ihr Traumfahrzeug kaufen ? Flexible Leasingl\u00f6sungen Finanzieren Sie Ihr neues Fahrzeug unabh\u00e4ngig von der Marke mit einem Leasingvertrag. Da Sie nicht Eigent\u00fcmer des Fahrzeugs werden, zahlen Sie nur f\u00fcr die Nutzung. Dank fester Monatsraten k\u00f6nnen Sie Ihr Budget zuverl\u00e4ssig kalkulieren. Nach Ablauf der Vertragslaufzeit geben Sie das Fahrzeug an den H\u00e4ndler zur\u00fcck [&hellip;]<\/p>\n","protected":false},"author":1,"featured_media":0,"parent":1452,"menu_order":17,"comment_status":"closed","ping_status":"closed","template":"","meta":{"footnotes":""},"folder":[29],"class_list":["post-1451","page","type-page","status-publish","hentry"],"_links":{"self":[{"href":"https:\/\/gdlcamper.ch\/de\/wp-json\/wp\/v2\/pages\/1451","targetHints":{"allow":["GET"]}}],"collection":[{"href":"https:\/\/gdlcamper.ch\/de\/wp-json\/wp\/v2\/pages"}],"about":[{"href":"https:\/\/gdlcamper.ch\/de\/wp-json\/wp\/v2\/types\/page"}],"author":[{"embeddable":true,"href":"https:\/\/gdlcamper.ch\/de\/wp-json\/wp\/v2\/users\/1"}],"replies":[{"embeddable":true,"href":"https:\/\/gdlcamper.ch\/de\/wp-json\/wp\/v2\/comments?post=1451"}],"version-history":[{"count":0,"href":"https:\/\/gdlcamper.ch\/de\/wp-json\/wp\/v2\/pages\/1451\/revisions"}],"up":[{"embeddable":true,"href":"https:\/\/gdlcamper.ch\/de\/wp-json\/wp\/v2\/pages\/1452"}],"wp:attachment":[{"href":"https:\/\/gdlcamper.ch\/de\/wp-json\/wp\/v2\/media?parent=1451"}],"wp:term":[{"taxonomy":"folder","embeddable":true,"href":"https:\/\/gdlcamper.ch\/de\/wp-json\/wp\/v2\/folder?post=1451"}],"curies":[{"name":"wp","href":"https:\/\/api.w.org\/{rel}","templated":true}]}}