{"id":1478,"date":"2022-12-16T15:09:30","date_gmt":"2022-12-16T14:09:30","guid":{"rendered":"https:\/\/gdlcamper.ch\/location\/"},"modified":"2025-05-01T11:32:32","modified_gmt":"2025-05-01T09:32:32","slug":"vermietung","status":"publish","type":"page","link":"https:\/\/gdlcamper.ch\/de\/vermietung\/","title":{"rendered":"Vermietung"},"content":{"rendered":"<h1>Online-Buchung<\/h1>\n<div>Alle unsere Mietfahrzeuge sind neu und werden am Ende der Saison verkauft<\/div>\n<p><img decoding=\"async\" src=\"\/wp-content\/uploads\/divider.svg\" alt=\"\"><\/p>\n<div>\n<p>    <script type='text\/javascript' src='https:\/\/gdlcamper.rentingforce.net\/de_CH\/plugins\/publicAction\/pluginId\/2139\/actionName\/plugin\/sig\/a3a3ec831a2757d0daaff6d2a188935168c1676011c27c6f9ab2103df6e6a766'><\/script><\/p>\n<form class=\"rf-default-style\">\n<div class=\"uk-child-width-expand@s uk-text-center\" uk-grid>\n<div>\n    Buchen Sie ab <input type='text' class=\"uk-input uk-form-large\" name='dateFrom' \/>\n    <\/div>\n<div>\n    bis <input type='text' class=\"uk-input uk-form-large\" name='dateTo' \/>\n    <\/div>\n<div style=\"display: none;\">Fahrzeugtyp<br \/>\n    <select class=\"uk-select\" name='category' data-language='fr'><\/select>\n    <\/div>\n<\/div>\n<div class='form-group'>\n        <button class='uk-button uk-button-large uk-button-primary uk-width-1-1 uk-margin-medium-top'>Finden Sie ein Fahrzeug<\/button>\n    <\/div>\n<p>    <script>\n        window.rentingforce.bookingForm(\"7D\", \"1D\");\n    <\/script><br \/>\n<\/form>\n<\/div>\n<p><img decoding=\"async\" src=\"\/wp-content\/uploads\/2023\/03\/active-background-tmg-b-pm2-livelli-ese-scaled.jpg\" alt=\"\"><\/p>\n<div>\n<h2>FREIHEIT UND KOMFORT<\/h2>\n<p>Vermietung<\/p>\n<div>\n<p><strong>Genie\u00dfen Sie Freiheit und Komfort ganz nach Ihren W\u00fcnschen mit einem unserer Fahrzeuge!<\/strong><\/p>\n<p>Bei GDL Camper finden Sie 12 moderne und voll ausgestattete Fahrzeuge.<\/p>\n<p>Wir helfen Ihnen bei der Auswahl des richtigen Fahrzeugs f\u00fcr Ihren n\u00e4chsten Urlaub, um diesen so einfach und angenehm wie m\u00f6glich zu gestalten.<\/p>\n<p>Alle unsere Fahrzeuge sind neu, aktuell und werden Ihnen gereinigt, gepr\u00fcft und bereit f\u00fcr Ihr Abenteuer \u00fcbergeben.<\/p>\n<p><strong>Gerne begr\u00fc\u00dfen wir Sie vor Ort und zeigen Ihnen unsere verschiedenen Modelle. Kommen Sie vorbei und entdecken Sie die Welt des Campings!<\/strong><\/p>\n<p><strong>Besichtigung nur nach vorheriger Absprache!<\/strong><\/p>\n<ul>\n<li>Alle unsere Fahrzeuge sind mit dem normalen B-F\u00fchrerausweis zu lenken<\/li>\n<li>Unbegrenzte Kilometer ab 2 Wochen<\/li>\n<li>Neuwertige Fahrzeuge<\/li>\n<li>Ersatzfahrzeug, falls das gemietete Fahrzeug ausf\u00e4llt<\/li>\n<li>Pannenhilfe 24\/24 Uhr in ganz Europa<\/li>\n<li>Technischer Support auch am Wochenende<\/li>\n<li>Parkplatz f\u00fcr Ihr Privatfahrzeug wird zur Verf\u00fcgung gestellt<\/li>\n<li>Unsere Fahrzeuge stehen am Ende der Saison zu Sonderpreisen zum Verkauf!<\/li>\n<\/ul>\n<\/div>\n<\/div>\n<p>\n    <a href=\"\/wp-content\/uploads\/2025\/05\/ALLGEMEINE-MIETBEDINGUNGEN_GDL-Camper_2025.pdf\">Allgemeine Mietbedingungen<\/a>\n<\/p>\n<p><!--more--><br \/>\n<!-- {\"type\":\"layout\",\"children\":[{\"type\":\"section\",\"props\":{\"css\":\".el-section {\\n     background: linear-gradient(to bottom, #1e130c, #966E41);\\n}\\n\",\"header_transparent\":true,\"header_transparent_noplaceholder\":true,\"header_transparent_text_color\":\"light\",\"image_loading\":true,\"image_position\":\"center-center\",\"image_size\":\"cover\",\"image_width\":\"2560\",\"media_overlay\":\"hsla(0, 0%, 0%, 0.45)\",\"overlap\":true,\"padding\":\"xlarge\",\"preserve_color\":false,\"style\":\"primary\",\"text_color\":\"light\",\"title_breakpoint\":\"xl\",\"title_position\":\"top-left\",\"title_rotation\":\"left\",\"vertical_align\":\"middle\",\"width\":\"default\"},\"children\":[{\"type\":\"row\",\"children\":[{\"type\":\"column\",\"props\":{\"image_position\":\"center-center\",\"position_sticky_breakpoint\":\"m\"},\"children\":[{\"type\":\"headline\",\"props\":{\"content\":\"Online-Buchung\",\"margin\":\"remove-vertical\",\"text_align\":\"center\",\"title_element\":\"h1\",\"title_style\":\"heading-large\"}},{\"type\":\"headline\",\"props\":{\"content\":\"Alle unsere Mietfahrzeuge sind neu und werden am Ende der Saison verkauft\",\"text_align\":\"center\",\"title_element\":\"div\",\"title_style\":\"h4\",\"visibility\":\"s\"}},{\"type\":\"image\",\"props\":{\"image\":\"wp-content\\\/uploads\\\/divider.svg\",\"image_loading\":true,\"image_svg_color\":\"emphasis\",\"image_svg_inline\":true,\"margin\":\"medium\",\"margin_remove_bottom\":false,\"text_align\":\"center\"}},{\"type\":\"html\",\"props\":{\"content\":\"<script type='text\\\/javascript' src='https:\\\/\\\/gdlcamper.rentingforce.net\\\/de_CH\\\/plugins\\\/publicAction\\\/pluginId\\\/2139\\\/actionName\\\/plugin\\\/sig\\\/a3a3ec831a2757d0daaff6d2a188935168c1676011c27c6f9ab2103df6e6a766'><\\\/script>\\n\\n\n\n<form class=\\\"rf-default-style\\\">\\n\n\n<div class=\\\"uk-child-width-expand@s uk-text-center\\\" uk-grid>\\n    \n\n<div>\\n    Buchen Sie ab <input type='text' class=\\\"uk-input uk-form-large\\\" name='dateFrom' \\\/>\\n    <\\\/div>\\n    \n\n<div>\\n    bis <input type='text' class=\\\"uk-input uk-form-large\\\" name='dateTo' \\\/>\\n    <\\\/div>\\n    \n\n<div style=\\\"display: none;\\\">Fahrzeugtyp\\n    <select class=\\\"uk-select\\\" name='category' data-language='fr'><\\\/select>\\n    <\\\/div>\\n<\\\/div>\\n    \n\n<div class='form-group'>\\n        <button class='uk-button uk-button-large uk-button-primary uk-width-1-1 uk-margin-medium-top'>Finden Sie ein Fahrzeug<\\\/button>\\n    <\\\/div>\\n    <script>\\n        window.rentingforce.bookingForm(\\\"7D\\\", \\\"1D\\\");\\n    <\\\/script>\\n<\\\/form>\\n\"}}]}]}],\"name\":\"Hero location\"},{\"type\":\"section\",\"props\":{\"image_position\":\"center-center\",\"padding\":\"large\",\"padding_remove_bottom\":false,\"style\":\"default\",\"title_breakpoint\":\"l\",\"title_position\":\"center-left\",\"title_rotation\":\"left\",\"vertical_align\":\"middle\",\"width\":\"large\"},\"children\":[{\"type\":\"row\",\"props\":{\"column_gap\":\"large\",\"layout\":\"large,expand\",\"margin\":\"xlarge\",\"row_gap\":\"large\"},\"children\":[{\"type\":\"column\",\"props\":{\"image_position\":\"center-center\",\"position_sticky_breakpoint\":\"m\",\"width_medium\":\"xlarge\"},\"children\":[{\"type\":\"image\",\"props\":{\"animation\":\"parallax\",\"image\":\"wp-content\\\/uploads\\\/2023\\\/03\\\/active-background-tmg-b-pm2-livelli-ese-scaled.jpg\",\"image_box_decoration\":\"primary\",\"image_svg_color\":\"emphasis\",\"image_width\":\"530\",\"margin\":\"default\",\"parallax_breakpoint\":\"m\",\"parallax_easing\":\"1\",\"parallax_x\":\"50,0\",\"parallax_y\":\"50,-50\",\"text_align\":\"left\",\"text_align_breakpoint\":\"m\",\"text_align_fallback\":\"center\",\"visibility\":\"m\"}}]},{\"type\":\"column\",\"props\":{\"image_position\":\"center-center\",\"order_first\":\"m\",\"position_sticky_breakpoint\":\"m\",\"vertical_align\":\"middle\",\"width_medium\":\"expand\"},\"children\":[{\"type\":\"panel\",\"props\":{\"animation\":\"parallax\",\"block_align\":\"center\",\"content\":\"\n\n<p><strong>Genie\\u00dfen Sie Freiheit und Komfort ganz nach Ihren W\\u00fcnschen mit einem unserer Fahrzeuge!<\\\/strong><\\\/p>\\n\n\n<p>Bei GDL Camper finden Sie 12 moderne und voll ausgestattete Fahrzeuge.<\\\/p>\\n\n\n<p>Wir helfen Ihnen bei der Auswahl des richtigen Fahrzeugs f\\u00fcr Ihren n\\u00e4chsten Urlaub, um diesen so einfach und angenehm wie m\\u00f6glich zu gestalten.<\\\/p>\\n\n\n<p>Alle unsere Fahrzeuge sind neu, aktuell und werden Ihnen gereinigt, gepr\\u00fcft und bereit f\\u00fcr Ihr Abenteuer \\u00fcbergeben.<\\\/p>\\n\n\n<p><strong>Gerne begr\\u00fc\\u00dfen wir Sie vor Ort und zeigen Ihnen unsere verschiedenen Modelle. Kommen Sie vorbei und entdecken Sie die Welt des Campings!<\\\/strong><br \\\/><br \\\/><strong>Besichtigung nur nach vorheriger Absprache!<\\\/strong><\\\/p>\\n\n\n<ul>\\n\n\n<li>Alle unsere Fahrzeuge sind mit dem normalen B-F\\u00fchrerausweis zu lenken<\\\/li>\\n\n\n<li>Unbegrenzte Kilometer ab 2 Wochen<\\\/li>\\n\n\n<li>Neuwertige Fahrzeuge<\\\/li>\\n\n\n<li>Ersatzfahrzeug, falls das gemietete Fahrzeug ausf\\u00e4llt<\\\/li>\\n\n\n<li>Pannenhilfe 24\\\/24 Uhr in ganz Europa<\\\/li>\\n\n\n<li>Technischer Support auch am Wochenende<\\\/li>\\n\n\n<li>Parkplatz f\\u00fcr Ihr Privatfahrzeug wird zur Verf\\u00fcgung gestellt<\\\/li>\\n\n\n<li>Unsere Fahrzeuge stehen am Ende der Saison zu Sonderpreisen zum Verkauf!<\\\/li>\\n<\\\/ul>\",\"content_column_breakpoint\":\"m\",\"icon_width\":80,\"image_align\":\"top\",\"image_grid_breakpoint\":\"m\",\"image_grid_width\":\"1-2\",\"image_svg_color\":\"emphasis\",\"link_style\":\"default\",\"link_text\":\"Read more\",\"margin\":\"medium\",\"maxwidth\":\"large\",\"maxwidth_breakpoint\":\"m\",\"meta\":\"Vermietung\",\"meta_align\":\"above-title\",\"meta_color\":\"primary\",\"meta_element\":\"div\",\"meta_style\":\"h4\",\"parallax_breakpoint\":\"m\",\"parallax_easing\":\"1\",\"parallax_y\":\"50,-50\",\"title\":\"FREIHEIT UND KOMFORT\",\"title_align\":\"top\",\"title_decoration\":\"line\",\"title_element\":\"h2\",\"title_grid_breakpoint\":\"m\",\"title_grid_width\":\"1-2\",\"title_hover_style\":\"reset\",\"title_style\":\"h2\"}},{\"name\":\"Button Icon Left\",\"type\":\"button\",\"children\":[{\"type\":\"button_item\",\"props\":{\"button_style\":\"primary\",\"content\":\"Allgemeine Mietbedingungen\",\"icon\":\"cloud-download\",\"icon_align\":\"left\",\"link\":\"wp-content\\\/uploads\\\/2025\\\/05\\\/ALLGEMEINE-MIETBEDINGUNGEN_GDL-Camper_2025.pdf\",\"link_target\":\"blank\"}}],\"props\":{\"block_align\":\"center\",\"fullwidth\":true,\"grid_column_gap\":\"medium\",\"grid_row_gap\":\"medium\",\"margin\":\"large\",\"margin_remove_bottom\":true,\"margin_remove_top\":false,\"maxwidth\":\"large\"}}]}]}]}],\"version\":\"4.3.6\"} --><\/p>\n","protected":false},"excerpt":{"rendered":"<p>Online-Buchung Alle unsere Mietfahrzeuge sind neu und werden am Ende der Saison verkauft Buchen Sie ab bis Fahrzeugtyp Finden Sie ein Fahrzeug FREIHEIT UND KOMFORT Vermietung Genie\u00dfen Sie Freiheit und Komfort ganz nach Ihren W\u00fcnschen mit einem unserer Fahrzeuge! Bei GDL Camper finden Sie 12 moderne und voll ausgestattete Fahrzeuge. Wir helfen Ihnen bei der [&hellip;]<\/p>\n","protected":false},"author":1,"featured_media":0,"parent":0,"menu_order":13,"comment_status":"closed","ping_status":"closed","template":"","meta":{"footnotes":""},"folder":[],"class_list":["post-1478","page","type-page","status-publish","hentry"],"_links":{"self":[{"href":"https:\/\/gdlcamper.ch\/de\/wp-json\/wp\/v2\/pages\/1478","targetHints":{"allow":["GET"]}}],"collection":[{"href":"https:\/\/gdlcamper.ch\/de\/wp-json\/wp\/v2\/pages"}],"about":[{"href":"https:\/\/gdlcamper.ch\/de\/wp-json\/wp\/v2\/types\/page"}],"author":[{"embeddable":true,"href":"https:\/\/gdlcamper.ch\/de\/wp-json\/wp\/v2\/users\/1"}],"replies":[{"embeddable":true,"href":"https:\/\/gdlcamper.ch\/de\/wp-json\/wp\/v2\/comments?post=1478"}],"version-history":[{"count":0,"href":"https:\/\/gdlcamper.ch\/de\/wp-json\/wp\/v2\/pages\/1478\/revisions"}],"wp:attachment":[{"href":"https:\/\/gdlcamper.ch\/de\/wp-json\/wp\/v2\/media?parent=1478"}],"wp:term":[{"taxonomy":"folder","embeddable":true,"href":"https:\/\/gdlcamper.ch\/de\/wp-json\/wp\/v2\/folder?post=1478"}],"curies":[{"name":"wp","href":"https:\/\/api.w.org\/{rel}","templated":true}]}}