{"id":1503,"date":"2022-11-24T09:28:33","date_gmt":"2022-11-24T08:28:33","guid":{"rendered":"https:\/\/gdlcamper.ch\/ueber-uns\/team\/"},"modified":"2026-02-18T14:36:01","modified_gmt":"2026-02-18T13:36:01","slug":"team","status":"publish","type":"page","link":"https:\/\/gdlcamper.ch\/de\/ueber-uns\/team\/","title":{"rendered":"Team"},"content":{"rendered":"<p><img decoding=\"async\" src=\"\/wp-content\/uploads\/divider.svg\" alt=\"\"><\/p>\n<div>ERREICHBAR UND IN IHRE N\u00c4HE<\/div>\n<p><img decoding=\"async\" src=\"\/wp-content\/uploads\/divider.svg\" alt=\"\"><\/p>\n<ul>\n<li>\n<p><img decoding=\"async\" src=\"\/wp-content\/uploads\/2024\/11\/Elvis_Direction.png\" alt=\"\"><\/p>\n<h3>Elvis<\/h3>\n<p>Gesch\u00e4ftsf\u00fchrer<\/p>\n<\/li>\n<li>\n<p><img decoding=\"async\" src=\"\/wp-content\/uploads\/2024\/11\/Claude_Co-direction-et-ventes.png\" alt=\"\"><\/p>\n<h3>Claude<\/h3>\n<p>Co-Leitung \/ Verkauf<\/p>\n<\/li>\n<li>\n<p><img decoding=\"async\" src=\"\/wp-content\/uploads\/2024\/11\/Valerie_Ressources-Humaines.png\" alt=\"\"><\/p>\n<h3>Valerie<\/h3>\n<p>Personalwesen<\/p>\n<\/li>\n<li>\n<p><img decoding=\"async\" src=\"\/wp-content\/uploads\/2024\/11\/Philippe_Ventes.png\" alt=\"\"><\/p>\n<h3>Philippe<\/h3>\n<p>Verkauf<\/p>\n<\/li>\n<li>\n<p><img decoding=\"async\" src=\"\/wp-content\/uploads\/2025\/09\/Cedric_Ventes.png\" alt=\"\"><\/p>\n<h3>C\u00e9dric<\/h3>\n<p>Verkauf<\/p>\n<\/li>\n<li>\n<p><img decoding=\"async\" src=\"\/wp-content\/uploads\/2025\/04\/Delphine_Administration-des-Ventes.png\" alt=\"\"><\/p>\n<h3>Delphine<\/h3>\n<p>Verkaufsverwaltung<\/p>\n<\/li>\n<li>\n<p><img decoding=\"async\" src=\"\/wp-content\/uploads\/2026\/02\/David_Shop.png\" alt=\"\"><\/p>\n<h3>David<\/h3>\n<p>Shop<\/p>\n<\/li>\n<li>\n<p><img decoding=\"async\" src=\"\/wp-content\/uploads\/2025\/04\/Duperval_Location.png\" alt=\"\"><\/p>\n<h3>Duperval<\/h3>\n<p>Vermietung \/ Verwaltung<\/p>\n<\/li>\n<li>\n<p><img decoding=\"async\" src=\"\/wp-content\/uploads\/2024\/11\/Arthur_Service-apres-vente-et-garanties.png\" alt=\"\"><\/p>\n<h3>Arthur<\/h3>\n<p>Garantien \/ Ersatzteile<\/p>\n<\/li>\n<li>\n<p><img decoding=\"async\" src=\"\/wp-content\/uploads\/2024\/11\/Nadege_Service-apres-vente.png\" alt=\"\"><\/p>\n<h3>Nad\u00e8ge<\/h3>\n<p>Beratung Kundenservice <\/p>\n<\/li>\n<li>\n<p><img decoding=\"async\" src=\"\/wp-content\/uploads\/2024\/11\/Giuseppe_Garanties-et-pieces-detachees.png\" alt=\"\"><\/p>\n<h3>Giuseppe<\/h3>\n<p>Garantien \/ Ersatzteile<\/p>\n<\/li>\n<li>\n<p><img decoding=\"async\" src=\"\/wp-content\/uploads\/2024\/11\/Patrick_Atelier.png\" alt=\"\"><\/p>\n<h3>Patrick<\/h3>\n<p>Werkstattleiter<\/p>\n<\/li>\n<li>\n<p><img decoding=\"async\" src=\"\/wp-content\/uploads\/2024\/11\/Alain_Conseil-technique.png\" alt=\"\"><\/p>\n<h3>Alain<\/h3>\n<p>Technische Beratung <\/p>\n<\/li>\n<li>\n<p><img decoding=\"async\" src=\"\/wp-content\/uploads\/2024\/11\/Dylan_Logistique.png\" alt=\"\"><\/p>\n<h3>Dylan<\/h3>\n<p>Logistik<\/p>\n<\/li>\n<li>\n<p><img decoding=\"async\" src=\"\/wp-content\/uploads\/2025\/04\/David_Logistique.png\" alt=\"\"><\/p>\n<h3>David<\/h3>\n<p>Logistik <\/p>\n<\/li>\n<li>\n<p><img decoding=\"async\" src=\"\/wp-content\/uploads\/2024\/11\/Ionut_Preparation-vehicules.png\" alt=\"\"><\/p>\n<h3>Ionut<\/h3>\n<p>Vorbereitung von Fahrzeugen<\/p>\n<\/li>\n<li>\n<p><img decoding=\"async\" src=\"\/wp-content\/uploads\/2024\/11\/Alain_Preparation-vehicules.png\" alt=\"\"><\/p>\n<h3>Alain<\/h3>\n<p>Vorbereitung von Fahrzeugen<\/p>\n<\/li>\n<li>\n<p><img decoding=\"async\" src=\"\/wp-content\/uploads\/2024\/11\/Sylvain_Mecanique-electronique.png\" alt=\"\"><\/p>\n<h3>Sylvain<\/h3>\n<p>Elektronische Mechanik <\/p>\n<\/li>\n<li>\n<p><img decoding=\"async\" src=\"\/wp-content\/uploads\/2024\/11\/Marc-Andre_Mecanique.png\" alt=\"\"><\/p>\n<h3>Marc-Andr\u00e9<\/h3>\n<p>Mechanik<\/p>\n<\/li>\n<li>\n<p><img decoding=\"async\" src=\"\/wp-content\/uploads\/2024\/11\/Marc-Andre_Carrosserie.png\" alt=\"\"><\/p>\n<h3>Marc-Andr\u00e9<\/h3>\n<p>Karosserie<\/p>\n<\/li>\n<li>\n<p><img decoding=\"async\" src=\"\/wp-content\/uploads\/2024\/11\/David_Menuiserie.png\" alt=\"\"><\/p>\n<h3>David<\/h3>\n<p>Schreinerei<\/p>\n<\/li>\n<li>\n<p><img decoding=\"async\" src=\"\/wp-content\/uploads\/2024\/11\/Marie_Entretien-et-decoration.png\" alt=\"\"><\/p>\n<h3>Marie<\/h3>\n<p>Geb\u00e4udepflege \/ Dekoration <\/p>\n<\/li>\n<\/ul>\n<div>\n<p>    <script>\n    UIkit.util.ready(function () {<\/p>\n<p>        \/\/ Remove number from team filter titles\n        var myPills = document.querySelectorAll('.uk-subnav-pill li a');<\/p>\n<p>        myPills.forEach((pill) => {\n            var myText = pill.textContent;\n            myText = myText.replace(\/[0-9]\/g, '');\n            pill.textContent = myText;\n        });<\/p>\n<p>    });\n<\/script>\n<\/div>\n<p><!--more--><br \/>\n<!-- {\"type\":\"layout\",\"children\":[{\"type\":\"section\",\"props\":{\"header_transparent\":true,\"header_transparent_noplaceholder\":true,\"image\":\"wp-content\\\/uploads\\\/2023\\\/05\\\/team.jpg\",\"image_loading\":true,\"image_position\":\"center-center\",\"image_size\":\"cover\",\"image_width\":\"2560\",\"media_overlay\":\"hsla(0, 0%, 0%, 0.5)\",\"overlap\":true,\"padding\":\"xlarge\",\"style\":\"secondary\",\"text_color\":\"light\",\"title_breakpoint\":\"xl\",\"title_position\":\"top-left\",\"title_rotation\":\"left\",\"vertical_align\":\"middle\",\"width\":\"default\"},\"children\":[{\"type\":\"row\",\"children\":[{\"type\":\"column\",\"props\":{\"image_position\":\"center-center\",\"position_sticky_breakpoint\":\"m\"},\"children\":[{\"type\":\"image\",\"props\":{\"image\":\"wp-content\\\/uploads\\\/divider.svg\",\"image_loading\":true,\"image_svg_color\":\"emphasis\",\"image_svg_inline\":true,\"margin\":\"default\",\"text_align\":\"center\"}},{\"type\":\"headline\",\"props\":{\"margin\":\"remove-vertical\",\"text_align\":\"center\",\"title_element\":\"h1\",\"title_style\":\"heading-large\"},\"source\":{\"query\":{\"name\":\"pages.singlePage\"},\"props\":{\"content\":{\"filters\":{\"search\":\"\"},\"name\":\"title\"}}}},{\"type\":\"headline\",\"props\":{\"content\":\"ERREICHBAR UND IN IHRE N\\u00c4HE\",\"margin\":\"remove-vertical\",\"text_align\":\"center\",\"title_element\":\"div\",\"title_style\":\"h4\",\"visibility\":\"s\"}},{\"type\":\"image\",\"props\":{\"image\":\"wp-content\\\/uploads\\\/divider.svg\",\"image_loading\":true,\"image_svg_color\":\"emphasis\",\"image_svg_inline\":true,\"margin\":\"default\",\"text_align\":\"center\"}}]}]}],\"name\":\"Hero\"},{\"name\":\"Team\",\"type\":\"section\",\"props\":{\"id\":\"team\",\"image_position\":\"center-center\",\"padding_remove_top\":false,\"style\":\"default\",\"title_breakpoint\":\"xl\",\"title_position\":\"top-left\",\"title_rotation\":\"left\",\"vertical_align\":\"middle\",\"width\":\"xlarge\"},\"children\":[{\"type\":\"row\",\"children\":[{\"type\":\"column\",\"props\":{\"image_position\":\"center-center\",\"position_sticky_breakpoint\":\"m\",\"width_medium\":\"1-1\"},\"children\":[{\"type\":\"grid\",\"props\":{\"content_align\":false,\"content_column_breakpoint\":\"m\",\"filter\":true,\"filter_align\":\"center\",\"filter_all\":true,\"filter_all_label\":\"Tous\",\"filter_grid_breakpoint\":\"m\",\"filter_grid_width\":\"auto\",\"filter_order\":\"manual\",\"filter_order_manual\":\"Management, Verkauf, Shop, Vermietung, Verwaltung, Kundendienst \\\/ Garantien, Werkstatt, Logistik, Geb\\u00e4udepflege \\\/ Dekoration\",\"filter_position\":\"top\",\"filter_style\":\"subnav-pill\",\"grid_column_align\":false,\"grid_default\":\"1\",\"grid_divider\":true,\"grid_large\":\"4\",\"grid_medium\":\"3\",\"grid_parallax_justify\":false,\"grid_row_align\":false,\"icon_width\":80,\"image_align\":\"top\",\"image_grid_breakpoint\":\"m\",\"image_grid_width\":\"1-2\",\"image_svg_color\":\"emphasis\",\"item_animation\":true,\"lightbox\":false,\"link_style\":\"default\",\"link_text\":\"Read more\",\"margin\":\"default\",\"meta_align\":\"below-title\",\"meta_element\":\"div\",\"meta_style\":\"text-meta\",\"show_content\":true,\"show_image\":true,\"show_link\":false,\"show_meta\":true,\"show_title\":true,\"text_align\":\"center\",\"title_align\":\"top\",\"title_element\":\"h3\",\"title_grid_breakpoint\":\"m\",\"title_grid_width\":\"1-2\",\"title_hover_style\":\"reset\"},\"children\":[{\"type\":\"grid_item\",\"props\":{\"content\":\"\",\"image\":\"wp-content\\\/uploads\\\/2024\\\/11\\\/Elvis_Direction.png\",\"image_text_color\":\"dark\",\"meta\":\"Gesch\\u00e4ftsf\\u00fchrer\",\"tags\":\"Management\",\"title\":\"Elvis\"}},{\"type\":\"grid_item\",\"props\":{\"content\":\"\",\"image\":\"wp-content\\\/uploads\\\/2024\\\/11\\\/Claude_Co-direction-et-ventes.png\",\"image_text_color\":\"dark\",\"meta\":\"Co-Leitung \\\/ Verkauf\",\"tags\":\"Management, Verkauf\",\"title\":\"Claude\"}},{\"type\":\"grid_item\",\"props\":{\"content\":\"\",\"image\":\"wp-content\\\/uploads\\\/2024\\\/11\\\/Valerie_Ressources-Humaines.png\",\"image_text_color\":\"dark\",\"meta\":\"Personalwesen\",\"tags\":\"Management, Verwaltung\",\"title\":\"Valerie\"}},{\"type\":\"grid_item\",\"props\":{\"content\":\"\",\"image\":\"wp-content\\\/uploads\\\/2024\\\/11\\\/Philippe_Ventes.png\",\"image_text_color\":\"dark\",\"meta\":\"Verkauf\",\"tags\":\"Verkauf\",\"title\":\"Philippe\"}},{\"type\":\"grid_item\",\"props\":{\"content\":\"\",\"image\":\"wp-content\\\/uploads\\\/2025\\\/09\\\/Cedric_Ventes.png\",\"image_text_color\":\"dark\",\"meta\":\"Verkauf\",\"tags\":\"Verkauf\",\"title\":\"C\\u00e9dric\"}},{\"type\":\"grid_item\",\"props\":{\"content\":\"\",\"image\":\"wp-content\\\/uploads\\\/2025\\\/04\\\/Delphine_Administration-des-Ventes.png\",\"image_text_color\":\"dark\",\"meta\":\"Verkaufsverwaltung\",\"tags\":\"Verwaltung\",\"title\":\"Delphine\"}},{\"type\":\"grid_item\",\"props\":{\"content\":\"\",\"image\":\"wp-content\\\/uploads\\\/2026\\\/02\\\/David_Shop.png\",\"image_text_color\":\"dark\",\"meta\":\"Shop\",\"tags\":\"Shop\",\"title\":\"David\"}},{\"type\":\"grid_item\",\"props\":{\"content\":\"\",\"image\":\"wp-content\\\/uploads\\\/2025\\\/04\\\/Duperval_Location.png\",\"image_text_color\":\"dark\",\"meta\":\"Vermietung \\\/ Verwaltung\",\"tags\":\"Vermietung, Verwaltung\",\"title\":\"Duperval\"}},{\"type\":\"grid_item\",\"props\":{\"content\":\"\",\"image\":\"wp-content\\\/uploads\\\/2024\\\/11\\\/Arthur_Service-apres-vente-et-garanties.png\",\"image_text_color\":\"dark\",\"meta\":\"Garantien \\\/ Ersatzteile\",\"tags\":\"Kundendienst \\\/ Garantien\",\"title\":\"Arthur\"}},{\"type\":\"grid_item\",\"props\":{\"content\":\"\",\"image\":\"wp-content\\\/uploads\\\/2024\\\/11\\\/Nadege_Service-apres-vente.png\",\"image_text_color\":\"dark\",\"meta\":\"Beratung Kundenservice \",\"tags\":\"Kundendienst \\\/ Garantien, Verwaltung\",\"title\":\"Nad\\u00e8ge\"}},{\"type\":\"grid_item\",\"props\":{\"content\":\"\",\"image\":\"wp-content\\\/uploads\\\/2024\\\/11\\\/Giuseppe_Garanties-et-pieces-detachees.png\",\"image_text_color\":\"dark\",\"meta\":\"Garantien \\\/ Ersatzteile\",\"tags\":\"Kundendienst \\\/ Garantien\",\"title\":\"Giuseppe\"}},{\"type\":\"grid_item\",\"props\":{\"content\":\"\",\"image\":\"wp-content\\\/uploads\\\/2024\\\/11\\\/Patrick_Atelier.png\",\"image_text_color\":\"dark\",\"meta\":\"Werkstattleiter\",\"tags\":\"Werkstatt, Kundendienst \\\/ Garantien\",\"title\":\"Patrick\"}},{\"type\":\"grid_item\",\"props\":{\"content\":\"\",\"image\":\"wp-content\\\/uploads\\\/2024\\\/11\\\/Alain_Conseil-technique.png\",\"image_text_color\":\"dark\",\"meta\":\"Technische Beratung \",\"tags\":\"Werkstatt\",\"title\":\"Alain\"}},{\"type\":\"grid_item\",\"props\":{\"content\":\"\",\"image\":\"wp-content\\\/uploads\\\/2024\\\/11\\\/Dylan_Logistique.png\",\"image_text_color\":\"dark\",\"meta\":\"Logistik\",\"tags\":\"Logistik\",\"title\":\"Dylan\"}},{\"type\":\"grid_item\",\"props\":{\"content\":\"\",\"image\":\"wp-content\\\/uploads\\\/2025\\\/04\\\/David_Logistique.png\",\"image_text_color\":\"dark\",\"meta\":\"Logistik \",\"tags\":\"Logistik\",\"title\":\"David\"}},{\"type\":\"grid_item\",\"props\":{\"content\":\"\",\"image\":\"wp-content\\\/uploads\\\/2024\\\/11\\\/Ionut_Preparation-vehicules.png\",\"image_text_color\":\"dark\",\"meta\":\"Vorbereitung von Fahrzeugen\",\"tags\":\"Werkstatt\",\"title\":\"Ionut\"}},{\"type\":\"grid_item\",\"props\":{\"content\":\"\",\"image\":\"wp-content\\\/uploads\\\/2024\\\/11\\\/Alain_Preparation-vehicules.png\",\"image_text_color\":\"dark\",\"meta\":\"Vorbereitung von Fahrzeugen\",\"tags\":\"Werkstatt\",\"title\":\"Alain\"}},{\"type\":\"grid_item\",\"props\":{\"content\":\"\",\"image\":\"wp-content\\\/uploads\\\/2024\\\/11\\\/Sylvain_Mecanique-electronique.png\",\"image_text_color\":\"dark\",\"meta\":\"Elektronische Mechanik \",\"tags\":\"Werkstatt\",\"title\":\"Sylvain\"}},{\"type\":\"grid_item\",\"props\":{\"content\":\"\",\"image\":\"wp-content\\\/uploads\\\/2024\\\/11\\\/Marc-Andre_Mecanique.png\",\"image_text_color\":\"dark\",\"meta\":\"Mechanik\",\"tags\":\"Werkstatt\",\"title\":\"Marc-Andr\\u00e9\"}},{\"type\":\"grid_item\",\"props\":{\"content\":\"\",\"image\":\"wp-content\\\/uploads\\\/2024\\\/11\\\/Marc-Andre_Carrosserie.png\",\"image_text_color\":\"dark\",\"meta\":\"Karosserie\",\"tags\":\"Werkstatt\",\"title\":\"Marc-Andr\\u00e9\"}},{\"type\":\"grid_item\",\"props\":{\"content\":\"\",\"image\":\"wp-content\\\/uploads\\\/2024\\\/11\\\/David_Menuiserie.png\",\"image_text_color\":\"dark\",\"meta\":\"Schreinerei\",\"tags\":\"Werkstatt\",\"title\":\"David\"}},{\"type\":\"grid_item\",\"props\":{\"content\":\"\",\"image\":\"wp-content\\\/uploads\\\/2024\\\/11\\\/Marie_Entretien-et-decoration.png\",\"image_text_color\":\"dark\",\"meta\":\"Geb\\u00e4udepflege \\\/ Dekoration \",\"tags\":\"Geb\\u00e4udepflege \\\/ Dekoration, Shop\",\"title\":\"Marie\"}}]},{\"type\":\"html\",\"props\":{\"content\":\"<script>\\n    UIkit.util.ready(function () {\\n\\n        \\\/\\\/ Remove number from team filter titles\\n        var myPills = document.querySelectorAll('.uk-subnav-pill li a');\\n\\n        myPills.forEach((pill) => {\\n            var myText = pill.textContent;\\n            myText = myText.replace(\\\/[0-9]\\\/g, '');\\n            pill.textContent = myText;\\n        });\\n\\n    });\\n<\\\/script>\"}}]}]}]}],\"version\":\"4.3.6\"} --><\/p>\n","protected":false},"excerpt":{"rendered":"<p>ERREICHBAR UND IN IHRE N\u00c4HE Elvis Gesch\u00e4ftsf\u00fchrer Claude Co-Leitung \/ Verkauf Valerie Personalwesen Philippe Verkauf C\u00e9dric Verkauf Delphine Verkaufsverwaltung David Shop Duperval Vermietung \/ Verwaltung Arthur Garantien \/ Ersatzteile Nad\u00e8ge Beratung Kundenservice Giuseppe Garantien \/ Ersatzteile Patrick Werkstattleiter Alain Technische Beratung Dylan Logistik David Logistik Ionut Vorbereitung von Fahrzeugen Alain Vorbereitung von Fahrzeugen Sylvain Elektronische [&hellip;]<\/p>\n","protected":false},"author":1,"featured_media":0,"parent":1453,"menu_order":21,"comment_status":"closed","ping_status":"closed","template":"","meta":{"footnotes":""},"folder":[4],"class_list":["post-1503","page","type-page","status-publish","hentry"],"_links":{"self":[{"href":"https:\/\/gdlcamper.ch\/de\/wp-json\/wp\/v2\/pages\/1503","targetHints":{"allow":["GET"]}}],"collection":[{"href":"https:\/\/gdlcamper.ch\/de\/wp-json\/wp\/v2\/pages"}],"about":[{"href":"https:\/\/gdlcamper.ch\/de\/wp-json\/wp\/v2\/types\/page"}],"author":[{"embeddable":true,"href":"https:\/\/gdlcamper.ch\/de\/wp-json\/wp\/v2\/users\/1"}],"replies":[{"embeddable":true,"href":"https:\/\/gdlcamper.ch\/de\/wp-json\/wp\/v2\/comments?post=1503"}],"version-history":[{"count":20,"href":"https:\/\/gdlcamper.ch\/de\/wp-json\/wp\/v2\/pages\/1503\/revisions"}],"predecessor-version":[{"id":4763,"href":"https:\/\/gdlcamper.ch\/de\/wp-json\/wp\/v2\/pages\/1503\/revisions\/4763"}],"up":[{"embeddable":true,"href":"https:\/\/gdlcamper.ch\/de\/wp-json\/wp\/v2\/pages\/1453"}],"wp:attachment":[{"href":"https:\/\/gdlcamper.ch\/de\/wp-json\/wp\/v2\/media?parent=1503"}],"wp:term":[{"taxonomy":"folder","embeddable":true,"href":"https:\/\/gdlcamper.ch\/de\/wp-json\/wp\/v2\/folder?post=1503"}],"curies":[{"name":"wp","href":"https:\/\/api.w.org\/{rel}","templated":true}]}}