{"id":1504,"date":"2022-11-24T09:29:07","date_gmt":"2022-11-24T08:29:07","guid":{"rendered":"https:\/\/gdlcamper.ch\/ueber-uns\/geschichte\/"},"modified":"2026-03-31T17:04:06","modified_gmt":"2026-03-31T15:04:06","slug":"geschichte","status":"publish","type":"page","link":"https:\/\/gdlcamper.ch\/de\/ueber-uns\/geschichte\/","title":{"rendered":"Geschichte"},"content":{"rendered":"<p><img decoding=\"async\" src=\"\/wp-content\/uploads\/divider.svg\" alt=\"\"><\/p>\n<div>Ein Abenteuer in st\u00e4ndiger entwicklung<\/div>\n<p><img decoding=\"async\" src=\"\/wp-content\/uploads\/divider.svg\" alt=\"\"><\/p>\n<ul>\n<li>\n<h3>2023<\/h3>\n<div>F\u00fcr die Garage Du Lion S\u00e0rl wird eine neue Seite aufgeschlagen. Wir ziehen nach Corg\u00e9mont um und werden zu GDL Camper S\u00e0rl.<\/div>\n<\/li>\n<li>\n<h3>2022<\/h3>\n<div>Wir werden offizieller Vertreter von Panama und SunLiving.<\/div>\n<\/li>\n<li>\n<h3>2019<\/h3>\n<div>Die Garage du Lion wird offizieller Adria-H\u00e4ndler (Marke von sehr guter Qualit\u00e4t, in Europa anerkannt) f\u00fcr Wohnmobile, Campervans und Wohnwagen.<\/div>\n<\/li>\n<li>\n<h3>2018<\/h3>\n<div>Wir k\u00fcndigen den offiziellen Vertretervertrag, der uns an Peugeot Suisse bindet, um uns vollst\u00e4ndig dem Caravaning zu widmen. Trotzdem behalten wir das Gesch\u00e4ft mit Autos aller Marken bei.<\/div>\n<\/li>\n<li>\n<h3>2017<\/h3>\n<div>Elvis Lehmann wird Mitglied des Vorstands von Caravaning Schweiz.<\/div>\n<\/li>\n<li>\n<h3>2015<\/h3>\n<div>Er\u00f6ffnung eines Campingzubeh\u00f6rgesch\u00e4fts mit dem Label \u201eZubeh\u00f6rtechniker\u201c.<\/div>\n<\/li>\n<li>\n<h3>2014<\/h3>\n<div>Wir werden offizieller Vertreter der Wohnwagen Caravelair und Silver (Trigano Gruppe).<\/div>\n<\/li>\n<li>\n<h3>12 f\u00e9vrier 2010<\/h3>\n<div>Rolf Lehmann stirbt bei einem Unfall und hinterl\u00e4sst seinem Sohn Elvis eine solide Firma. Als Mechatroniker mit eidgen\u00f6ssischem Fachausweis \u00fcbernimmt Elvis somit die Leitung des Unternehmens.<\/div>\n<\/li>\n<li>\n<h3>2009<\/h3>\n<div>Wir werden zum offiziellen und einzigen Schweizer Vertreter der Marke Chausson.<\/div>\n<\/li>\n<li>\n<h3>2003<\/h3>\n<div>Elvis Lehmann, Sohn von Rolf und Monique, verst\u00e4rkt das Team der Garage du Lion.<\/div>\n<\/li>\n<li>\n<h3>1998<\/h3>\n<div>Wir werden offizieller Vertreter der deutschen Marken Euramobil und Karmann.<\/div>\n<\/li>\n<li>\n<h3>1990<\/h3>\n<div>\n<p>Rolf Lehmann startete im Wohnmobilgesch\u00e4ft, auf den guten Rat von Jean Leu, Freund und erfahrener Reisemobilbesitzer.<\/p>\n<p>Monique Lehmann, Rolfs Ehefrau, k\u00fcmmert sich um den Unterhalt und die Verwaltung des Squash-Centers, das nun mit leistungsf\u00e4higen Solarien ausgestattet ist.<\/p>\n<\/div>\n<\/li>\n<li>\n<h3>1981<\/h3>\n<div>Der inzwischen pensionierte Ren\u00e9 Scherrer kommt als Techniker f\u00fcr Wohnmobile zum Garage Du Lion Team.<\/div>\n<\/li>\n<li>\n<h3>1980<\/h3>\n<div>Rolf Lehmann macht sich selbstst\u00e4ndig und zieht in das Zampa-Geb\u00e4ude, eine ehemalige, sehr ber\u00fchmte Gl\u00fchbirnenfabrik in Tavannes. Im Jahr 1990 wurde er Eigent\u00fcmer des Geb\u00e4udes.<\/div>\n<\/li>\n<li>\n<h3>1977<\/h3>\n<div>Rolf Lehmann f\u00fchrt die Garage du Lion zusammen mit der Peugeot-Vertretung. Die kleine Werkstatt befindet sich hinter der Garage am Chemin du Repos in Tavannes.<\/div>\n<\/li>\n<\/ul>\n<p><!--more--><br \/>\n<!-- {\"type\":\"layout\",\"children\":[{\"type\":\"section\",\"props\":{\"header_transparent\":true,\"header_transparent_noplaceholder\":false,\"image\":\"wp-content\\\/uploads\\\/2023\\\/05\\\/historique.jpg\",\"image_loading\":true,\"image_position\":\"center-center\",\"image_size\":\"cover\",\"image_width\":\"2560\",\"media_overlay\":\"rgba(0, 0, 0, 0.35)\",\"overlap\":true,\"padding\":\"large\",\"padding_remove_top\":false,\"style\":\"secondary\",\"text_color\":\"light\",\"title_breakpoint\":\"xl\",\"title_position\":\"top-left\",\"title_rotation\":\"left\",\"vertical_align\":\"middle\",\"width\":\"default\"},\"children\":[{\"type\":\"row\",\"children\":[{\"type\":\"column\",\"props\":{\"image_position\":\"center-center\",\"position_sticky_breakpoint\":\"m\"},\"children\":[{\"type\":\"image\",\"props\":{\"image\":\"wp-content\\\/uploads\\\/divider.svg\",\"image_loading\":true,\"image_svg_color\":\"emphasis\",\"image_svg_inline\":true,\"margin\":\"default\",\"text_align\":\"center\"}},{\"type\":\"headline\",\"props\":{\"margin\":\"remove-vertical\",\"text_align\":\"center\",\"title_element\":\"h1\",\"title_style\":\"heading-large\"},\"source\":{\"query\":{\"name\":\"pages.singlePage\"},\"props\":{\"content\":{\"filters\":{\"search\":\"\"},\"name\":\"title\"}}}},{\"type\":\"headline\",\"props\":{\"content\":\"Ein Abenteuer in st\\u00e4ndiger entwicklung\",\"margin\":\"remove-vertical\",\"text_align\":\"center\",\"title_element\":\"div\",\"title_style\":\"h4\",\"visibility\":\"s\"}},{\"type\":\"image\",\"props\":{\"image\":\"wp-content\\\/uploads\\\/divider.svg\",\"image_loading\":true,\"image_svg_color\":\"emphasis\",\"image_svg_inline\":true,\"margin\":\"default\",\"text_align\":\"center\"}}]}]}],\"name\":\"Hero\"},{\"type\":\"section\",\"props\":{\"image_position\":\"center-center\",\"padding\":\"large\",\"style\":\"default\",\"title_breakpoint\":\"xl\",\"title_position\":\"top-left\",\"title_rotation\":\"left\",\"vertical_align\":\"middle\",\"width\":\"default\"},\"children\":[{\"type\":\"row\",\"children\":[{\"type\":\"column\",\"props\":{\"image_position\":\"center-center\",\"position_sticky_breakpoint\":\"m\"},\"children\":[{\"type\":\"hd-timeline\",\"props\":{\"align_default\":\"right\",\"align_medium\":\"\",\"align_xlarge\":\"left-alternate\",\"content_align\":false,\"content_column_breakpoint\":\"m\",\"icon_width\":80,\"image_align\":\"top\",\"image_grid_breakpoint\":\"m\",\"image_grid_width\":\"1-2\",\"image_svg_color\":\"emphasis\",\"item_animation\":true,\"line_color\":\"#D5A967\",\"link_style\":\"default\",\"link_text\":\"Read more\",\"margin\":\"default\",\"meta_align\":\"below-title\",\"meta_element\":\"div\",\"meta_style\":\"text-meta\",\"panel_padding\":\"default\",\"panel_style\":\"tile-muted\",\"show_content\":true,\"show_image\":true,\"show_link\":true,\"show_meta\":true,\"show_title\":true,\"timeline_icon_background\":\"rgba(255, 255, 255, 1)\",\"timeline_icon_border\":\"#D5A967\",\"timeline_icon_width\":40,\"title_align\":\"top\",\"title_element\":\"h3\",\"title_grid_breakpoint\":\"m\",\"title_grid_width\":\"1-2\",\"title_hover_style\":\"reset\"},\"children\":[{\"type\":\"hd-timeline_item\",\"props\":{\"content\":\"F\\u00fcr die Garage Du Lion S\\u00e0rl wird eine neue Seite aufgeschlagen. Wir ziehen nach Corg\\u00e9mont um und werden zu GDL Camper S\\u00e0rl.\",\"title\":\"2023\"}},{\"type\":\"hd-timeline_item\",\"props\":{\"content\":\"Wir werden offizieller Vertreter von Panama und SunLiving.\",\"title\":\"2022\"}},{\"type\":\"hd-timeline_item\",\"props\":{\"content\":\"Die Garage du Lion wird offizieller Adria-H\\u00e4ndler (Marke von sehr guter Qualit\\u00e4t, in Europa anerkannt) f\\u00fcr Wohnmobile, Campervans und Wohnwagen.\",\"title\":\"2019\"}},{\"type\":\"hd-timeline_item\",\"props\":{\"content\":\"Wir k\\u00fcndigen den offiziellen Vertretervertrag, der uns an Peugeot Suisse bindet, um uns vollst\\u00e4ndig dem Caravaning zu widmen. Trotzdem behalten wir das Gesch\\u00e4ft mit Autos aller Marken bei.\",\"title\":\"2018\"}},{\"type\":\"hd-timeline_item\",\"props\":{\"content\":\"Elvis Lehmann wird Mitglied des Vorstands von Caravaning Schweiz.\",\"title\":\"2017\"}},{\"type\":\"hd-timeline_item\",\"props\":{\"content\":\"Er\\u00f6ffnung eines Campingzubeh\\u00f6rgesch\\u00e4fts mit dem Label \\u201eZubeh\\u00f6rtechniker\\u201c.\",\"title\":\"2015\"}},{\"type\":\"hd-timeline_item\",\"props\":{\"content\":\"Wir werden offizieller Vertreter der Wohnwagen Caravelair und Silver (Trigano Gruppe).\",\"title\":\"2014\"}},{\"type\":\"hd-timeline_item\",\"props\":{\"content\":\"Rolf Lehmann stirbt bei einem Unfall und hinterl\\u00e4sst seinem Sohn Elvis eine solide Firma. Als Mechatroniker mit eidgen\\u00f6ssischem Fachausweis \\u00fcbernimmt Elvis somit die Leitung des Unternehmens.\",\"title\":\"12 f\\u00e9vrier 2010\"}},{\"type\":\"hd-timeline_item\",\"props\":{\"content\":\"Wir werden zum offiziellen und einzigen Schweizer Vertreter der Marke Chausson.\",\"title\":\"2009\"}},{\"type\":\"hd-timeline_item\",\"props\":{\"content\":\"Elvis Lehmann, Sohn von Rolf und Monique, verst\\u00e4rkt das Team der Garage du Lion.\",\"title\":\"2003\"}},{\"type\":\"hd-timeline_item\",\"props\":{\"content\":\"Wir werden offizieller Vertreter der deutschen Marken Euramobil und Karmann.\",\"title\":\"1998\"}},{\"type\":\"hd-timeline_item\",\"props\":{\"content\":\"\n\n<p>Rolf Lehmann startete im Wohnmobilgesch\\u00e4ft, auf den guten Rat von Jean Leu, Freund und erfahrener Reisemobilbesitzer.<\\\/p>\n\n<p>Monique Lehmann, Rolfs Ehefrau, k\\u00fcmmert sich um den Unterhalt und die Verwaltung des Squash-Centers, das nun mit leistungsf\\u00e4higen Solarien ausgestattet ist.<\\\/p>\",\"title\":\"1990\"}},{\"type\":\"hd-timeline_item\",\"props\":{\"content\":\"Der inzwischen pensionierte Ren\\u00e9 Scherrer kommt als Techniker f\\u00fcr Wohnmobile zum Garage Du Lion Team.\",\"title\":\"1981\"}},{\"type\":\"hd-timeline_item\",\"props\":{\"content\":\"Rolf Lehmann macht sich selbstst\\u00e4ndig und zieht in das Zampa-Geb\\u00e4ude, eine ehemalige, sehr ber\\u00fchmte Gl\\u00fchbirnenfabrik in Tavannes. Im Jahr 1990 wurde er Eigent\\u00fcmer des Geb\\u00e4udes.\",\"title\":\"1980\"}},{\"type\":\"hd-timeline_item\",\"props\":{\"content\":\"Rolf Lehmann f\\u00fchrt die Garage du Lion zusammen mit der Peugeot-Vertretung. Die kleine Werkstatt befindet sich hinter der Garage am Chemin du Repos in Tavannes.\",\"title\":\"1977\"}}]}]}]}],\"name\":\"Historique\"}],\"version\":\"4.3.6\"} --><\/p>\n","protected":false},"excerpt":{"rendered":"<p>Ein Abenteuer in st\u00e4ndiger entwicklung 2023 F\u00fcr die Garage Du Lion S\u00e0rl wird eine neue Seite aufgeschlagen. Wir ziehen nach Corg\u00e9mont um und werden zu GDL Camper S\u00e0rl. 2022 Wir werden offizieller Vertreter von Panama und SunLiving. 2019 Die Garage du Lion wird offizieller Adria-H\u00e4ndler (Marke von sehr guter Qualit\u00e4t, in Europa anerkannt) f\u00fcr Wohnmobile, [&hellip;]<\/p>\n","protected":false},"author":1,"featured_media":0,"parent":1453,"menu_order":22,"comment_status":"closed","ping_status":"closed","template":"","meta":{"footnotes":""},"folder":[4],"class_list":["post-1504","page","type-page","status-publish","hentry"],"_links":{"self":[{"href":"https:\/\/gdlcamper.ch\/de\/wp-json\/wp\/v2\/pages\/1504","targetHints":{"allow":["GET"]}}],"collection":[{"href":"https:\/\/gdlcamper.ch\/de\/wp-json\/wp\/v2\/pages"}],"about":[{"href":"https:\/\/gdlcamper.ch\/de\/wp-json\/wp\/v2\/types\/page"}],"author":[{"embeddable":true,"href":"https:\/\/gdlcamper.ch\/de\/wp-json\/wp\/v2\/users\/1"}],"replies":[{"embeddable":true,"href":"https:\/\/gdlcamper.ch\/de\/wp-json\/wp\/v2\/comments?post=1504"}],"version-history":[{"count":1,"href":"https:\/\/gdlcamper.ch\/de\/wp-json\/wp\/v2\/pages\/1504\/revisions"}],"predecessor-version":[{"id":4870,"href":"https:\/\/gdlcamper.ch\/de\/wp-json\/wp\/v2\/pages\/1504\/revisions\/4870"}],"up":[{"embeddable":true,"href":"https:\/\/gdlcamper.ch\/de\/wp-json\/wp\/v2\/pages\/1453"}],"wp:attachment":[{"href":"https:\/\/gdlcamper.ch\/de\/wp-json\/wp\/v2\/media?parent=1504"}],"wp:term":[{"taxonomy":"folder","embeddable":true,"href":"https:\/\/gdlcamper.ch\/de\/wp-json\/wp\/v2\/folder?post=1504"}],"curies":[{"name":"wp","href":"https:\/\/api.w.org\/{rel}","templated":true}]}}